{"id":138023,"date":"2022-10-03T16:15:20","date_gmt":"2024-11-20T13:04:08","guid":{"rendered":"https:\/\/kingarms.ee\/product\/daudzfunkcionalu-kompasu\/"},"modified":"2024-11-20T16:04:08","modified_gmt":"2024-11-20T13:04:08","slug":"daudzfunkcionala-kompass","status":"publish","type":"product","link":"https:\/\/kingarms.ee\/lv\/product\/daudzfunkcionala-kompass\/","title":{"rendered":"Daudzfunkcion\u0101lu kompasu"},"content":{"rendered":"","protected":false},"excerpt":{"rendered":"<p>Daudzfunkcion\u0101ls kompass, ko var izmantot starpvalstu skrie\u0161an\u0101, skol\u0101 un vis\u0101s t\u016bristu eksped\u012bcij\u0101. Izgatavots no za\u013c\u0101s dienasgaismas, laika apst\u0101k\u013cu iztur\u012bgas plastmasas. Tam ir ieb\u016bv\u0113ts line\u0101ls. Liels, las\u0101ms ciparn\u012bca apvienojum\u0101 ar augstu indik\u0101ciju precizit\u0101ti garant\u0113 \u0113rtu darbu. Iek\u013caut\u0101 virkne \u013cauj pak\u0101rt kompasu ap kaklu.<br \/>\nIzm\u0113ri: 10 x 7,5 cm    <\/p>\n","protected":false},"featured_media":123699,"template":"","meta":{"_acf_changed":false},"product_brand":[],"product_cat":[1119],"product_tag":[],"class_list":{"0":"post-138023","1":"product","2":"type-product","3":"status-publish","4":"has-post-thumbnail","6":"product_cat-celojumu-preces","8":"first","9":"instock","10":"purchasable","11":"product-type-simple"},"acf":[],"_links":{"self":[{"href":"https:\/\/kingarms.ee\/lv\/wp-json\/wp\/v2\/product\/138023","targetHints":{"allow":["GET"]}}],"collection":[{"href":"https:\/\/kingarms.ee\/lv\/wp-json\/wp\/v2\/product"}],"about":[{"href":"https:\/\/kingarms.ee\/lv\/wp-json\/wp\/v2\/types\/product"}],"wp:featuredmedia":[{"embeddable":true,"href":"https:\/\/kingarms.ee\/lv\/wp-json\/wp\/v2\/media\/123699"}],"wp:attachment":[{"href":"https:\/\/kingarms.ee\/lv\/wp-json\/wp\/v2\/media?parent=138023"}],"wp:term":[{"taxonomy":"product_brand","embeddable":true,"href":"https:\/\/kingarms.ee\/lv\/wp-json\/wp\/v2\/product_brand?post=138023"},{"taxonomy":"product_cat","embeddable":true,"href":"https:\/\/kingarms.ee\/lv\/wp-json\/wp\/v2\/product_cat?post=138023"},{"taxonomy":"product_tag","embeddable":true,"href":"https:\/\/kingarms.ee\/lv\/wp-json\/wp\/v2\/product_tag?post=138023"}],"curies":[{"name":"wp","href":"https:\/\/api.w.org\/{rel}","templated":true}]}}