{"id":138025,"date":"2022-10-03T16:15:20","date_gmt":"2024-11-20T13:08:32","guid":{"rendered":"https:\/\/kingarms.ee\/product\/fireball-flint-fire-strater-ar-kompasu\/"},"modified":"2024-11-20T16:08:32","modified_gmt":"2024-11-20T13:08:32","slug":"fireball-flint-fire-strater-ar-compass","status":"publish","type":"product","link":"https:\/\/kingarms.ee\/lv\/product\/fireball-flint-fire-strater-ar-compass\/","title":{"rendered":"Fireball Flint Fire Strater ar kompasu"},"content":{"rendered":"","protected":false},"excerpt":{"rendered":"<p><input id=\"title\" spellcheck=\"true\" autocomplete=\"off\" name=\"post_title\" size=\"30\" type=\"text\" value=\"Fireball Flint Fire Strater ar kompasu\"><\/p>\n<p>S\u0101kotn\u0113jais ugunsgr\u0113ka starteris Grand Fireball Flint &amp; Striker, ko ra\u017eo BCB Company. Jauns dizains ir \u0113rt\u0101ks un dro\u0161\u0101k lietojams. Roktur\u012b ir mazs \u0161\u0137idruma piepild\u012bts pogas kompass. Flints un uzbruc\u0113js sl\u012bd un aizsl\u0113dzas kop\u0101, lai no\u0146emtu nepiecie\u0161am\u012bbu p\u0113c kaitino\u0161\u0101s virknes. Specifik\u0101cija:<br \/>\n&#8211; garums: 11 cm<br \/>\n&#8211; Svars: 47G<\/p>\n","protected":false},"featured_media":123878,"template":"","meta":{"_acf_changed":false},"product_brand":[],"product_cat":[1119],"product_tag":[],"class_list":{"0":"post-138025","1":"product","2":"type-product","3":"status-publish","4":"has-post-thumbnail","6":"product_cat-celojumu-preces","8":"first","9":"instock","10":"purchasable","11":"product-type-simple"},"acf":[],"_links":{"self":[{"href":"https:\/\/kingarms.ee\/lv\/wp-json\/wp\/v2\/product\/138025","targetHints":{"allow":["GET"]}}],"collection":[{"href":"https:\/\/kingarms.ee\/lv\/wp-json\/wp\/v2\/product"}],"about":[{"href":"https:\/\/kingarms.ee\/lv\/wp-json\/wp\/v2\/types\/product"}],"wp:featuredmedia":[{"embeddable":true,"href":"https:\/\/kingarms.ee\/lv\/wp-json\/wp\/v2\/media\/123878"}],"wp:attachment":[{"href":"https:\/\/kingarms.ee\/lv\/wp-json\/wp\/v2\/media?parent=138025"}],"wp:term":[{"taxonomy":"product_brand","embeddable":true,"href":"https:\/\/kingarms.ee\/lv\/wp-json\/wp\/v2\/product_brand?post=138025"},{"taxonomy":"product_cat","embeddable":true,"href":"https:\/\/kingarms.ee\/lv\/wp-json\/wp\/v2\/product_cat?post=138025"},{"taxonomy":"product_tag","embeddable":true,"href":"https:\/\/kingarms.ee\/lv\/wp-json\/wp\/v2\/product_tag?post=138025"}],"curies":[{"name":"wp","href":"https:\/\/api.w.org\/{rel}","templated":true}]}}