{"id":138027,"date":"2022-10-03T16:15:20","date_gmt":"2024-11-20T13:10:45","guid":{"rendered":"https:\/\/kingarms.ee\/product\/diamondback-4-16x44-virpulis\/"},"modified":"2024-11-20T16:10:45","modified_gmt":"2024-11-20T13:10:45","slug":"diamondback-4-16x44-vortex","status":"publish","type":"product","link":"https:\/\/kingarms.ee\/lv\/product\/diamondback-4-16x44-vortex\/","title":{"rendered":"Diamondback 4-16&#215;44 virpulis"},"content":{"rendered":"","protected":false},"excerpt":{"rendered":"<p>Diamondback 4-16&#215;44 virpulis<\/p>\n<p>Palielin\u0101jums: 4-16x<br \/>\nObjekt\u012bva objekt\u012bva diametrs: 44 mm<br \/>\nAcu atvieglojums: 3,8 collas<br \/>\nSkata lauks: 26,9-6,7 p\u0113das\/100 j\u016bdzes<br \/>\nCaurules izm\u0113rs: 30 mm<br \/>\nTvertnes stils: gar\u0161 pak\u013cauts taktiskais<br \/>\nPiel\u0101go\u0161anas absolv\u0113\u0161ana: 1\/4 MOA<br \/>\nCe\u013co\u0161ana uz rot\u0101ciju: 15 MOA<br \/>\nMaksim\u0101l\u0101 pac\u0113luma piel\u0101go\u0161ana: 85 MOA<br \/>\nMaksim\u0101l\u0101 b\u0113g\u0161anas piel\u0101go\u0161ana: 85 MOA<br \/>\nParallaksa iestat\u012bjums: 20 jardi l\u012bdz bezgal\u012bbai<br \/>\nGarums: 14,06 collas<\/p>\n","protected":false},"featured_media":134400,"template":"","meta":{"_acf_changed":false},"product_brand":[],"product_cat":[1030],"product_tag":[],"class_list":{"0":"post-138027","1":"product","2":"type-product","3":"status-publish","4":"has-post-thumbnail","6":"product_cat-optiskais-merkis","8":"first","9":"instock","10":"purchasable","11":"product-type-simple"},"acf":[],"_links":{"self":[{"href":"https:\/\/kingarms.ee\/lv\/wp-json\/wp\/v2\/product\/138027","targetHints":{"allow":["GET"]}}],"collection":[{"href":"https:\/\/kingarms.ee\/lv\/wp-json\/wp\/v2\/product"}],"about":[{"href":"https:\/\/kingarms.ee\/lv\/wp-json\/wp\/v2\/types\/product"}],"wp:featuredmedia":[{"embeddable":true,"href":"https:\/\/kingarms.ee\/lv\/wp-json\/wp\/v2\/media\/134400"}],"wp:attachment":[{"href":"https:\/\/kingarms.ee\/lv\/wp-json\/wp\/v2\/media?parent=138027"}],"wp:term":[{"taxonomy":"product_brand","embeddable":true,"href":"https:\/\/kingarms.ee\/lv\/wp-json\/wp\/v2\/product_brand?post=138027"},{"taxonomy":"product_cat","embeddable":true,"href":"https:\/\/kingarms.ee\/lv\/wp-json\/wp\/v2\/product_cat?post=138027"},{"taxonomy":"product_tag","embeddable":true,"href":"https:\/\/kingarms.ee\/lv\/wp-json\/wp\/v2\/product_tag?post=138027"}],"curies":[{"name":"wp","href":"https:\/\/api.w.org\/{rel}","templated":true}]}}