{"id":138036,"date":"2022-10-03T16:15:20","date_gmt":"2024-11-20T13:24:09","guid":{"rendered":"https:\/\/kingarms.ee\/product\/atra-tirisanas-granulu-umarex\/"},"modified":"2024-11-20T16:24:09","modified_gmt":"2024-11-20T13:24:09","slug":"atras-tirisanas-granulas-umarex","status":"publish","type":"product","link":"https:\/\/kingarms.ee\/lv\/product\/atras-tirisanas-granulas-umarex\/","title":{"rendered":"\u0100tra t\u012br\u012b\u0161anas granulu umarex"},"content":{"rendered":"","protected":false},"excerpt":{"rendered":"<p>\u0100tra t\u012br\u012b\u0161anas granulu Umarex ar \u0161\u012bm t\u012br\u012b\u0161anas granul\u0101m j\u016bs varat \u0101tri not\u012br\u012bt visas \u0161autenes un gludas mucas. P\u0113c katras gaisa pistoles izmanto\u0161anas j\u016bs iz\u0161aujat divas \u0101tras t\u012br\u012b\u0161anas granulas, un muca atkal ir t\u012bra. \u0160\u012bs cilindrisk\u0101s, prec\u012bz\u0101s griezt\u0101s, smag\u0101s filca granulas ir viegli un \u0101tri lietojamas. Vienk\u0101r\u0161i iel\u0101d\u0113jiet gaisa pistoli ar granul\u0101m un no\u0161aujiet t\u0101s k\u0101 parast\u0101 granul\u0101. Lieliski piem\u0113rots \u0161\u0137\u012bdin\u0101t\u0101ja vai e\u013c\u013cas uzkl\u0101\u0161anai uz muc\u0101m.<\/p>\n","protected":false},"featured_media":123627,"template":"","meta":{"_acf_changed":false},"product_brand":[],"product_cat":[1047],"product_tag":[],"class_list":{"0":"post-138036","1":"product","2":"type-product","3":"status-publish","4":"has-post-thumbnail","6":"product_cat-airuna-4-5-mm","8":"first","9":"instock","10":"purchasable","11":"product-type-simple"},"acf":[],"_links":{"self":[{"href":"https:\/\/kingarms.ee\/lv\/wp-json\/wp\/v2\/product\/138036","targetHints":{"allow":["GET"]}}],"collection":[{"href":"https:\/\/kingarms.ee\/lv\/wp-json\/wp\/v2\/product"}],"about":[{"href":"https:\/\/kingarms.ee\/lv\/wp-json\/wp\/v2\/types\/product"}],"wp:featuredmedia":[{"embeddable":true,"href":"https:\/\/kingarms.ee\/lv\/wp-json\/wp\/v2\/media\/123627"}],"wp:attachment":[{"href":"https:\/\/kingarms.ee\/lv\/wp-json\/wp\/v2\/media?parent=138036"}],"wp:term":[{"taxonomy":"product_brand","embeddable":true,"href":"https:\/\/kingarms.ee\/lv\/wp-json\/wp\/v2\/product_brand?post=138036"},{"taxonomy":"product_cat","embeddable":true,"href":"https:\/\/kingarms.ee\/lv\/wp-json\/wp\/v2\/product_cat?post=138036"},{"taxonomy":"product_tag","embeddable":true,"href":"https:\/\/kingarms.ee\/lv\/wp-json\/wp\/v2\/product_tag?post=138036"}],"curies":[{"name":"wp","href":"https:\/\/api.w.org\/{rel}","templated":true}]}}