{"id":138042,"date":"2022-10-03T16:15:09","date_gmt":"2024-11-20T13:56:51","guid":{"rendered":"https:\/\/kingarms.ee\/product\/dekorativa-katana\/"},"modified":"2024-11-20T16:56:51","modified_gmt":"2024-11-20T13:56:51","slug":"dekorativa-katana-3-2","status":"publish","type":"product","link":"https:\/\/kingarms.ee\/lv\/product\/dekorativa-katana-3-2\/","title":{"rendered":"Dekorat\u012bv\u0101 Katana"},"content":{"rendered":"","protected":false},"excerpt":{"rendered":"<p>Kop\u0113jais garums 1120 mm<\/p>\n<p>asmens garums 670mm<\/p>\n<p>oglek\u013ca t\u0113rauda asmens<\/p>\n<p>Koka \u0161\u0137embas un rokturis<\/p>\n","protected":false},"featured_media":123836,"template":"","meta":{"_acf_changed":false},"product_brand":[],"product_cat":[1127],"product_tag":[],"class_list":{"0":"post-138042","1":"product","2":"type-product","3":"status-publish","4":"has-post-thumbnail","6":"product_cat-katana-tanto","8":"first","9":"instock","10":"purchasable","11":"product-type-simple"},"acf":[],"_links":{"self":[{"href":"https:\/\/kingarms.ee\/lv\/wp-json\/wp\/v2\/product\/138042","targetHints":{"allow":["GET"]}}],"collection":[{"href":"https:\/\/kingarms.ee\/lv\/wp-json\/wp\/v2\/product"}],"about":[{"href":"https:\/\/kingarms.ee\/lv\/wp-json\/wp\/v2\/types\/product"}],"wp:featuredmedia":[{"embeddable":true,"href":"https:\/\/kingarms.ee\/lv\/wp-json\/wp\/v2\/media\/123836"}],"wp:attachment":[{"href":"https:\/\/kingarms.ee\/lv\/wp-json\/wp\/v2\/media?parent=138042"}],"wp:term":[{"taxonomy":"product_brand","embeddable":true,"href":"https:\/\/kingarms.ee\/lv\/wp-json\/wp\/v2\/product_brand?post=138042"},{"taxonomy":"product_cat","embeddable":true,"href":"https:\/\/kingarms.ee\/lv\/wp-json\/wp\/v2\/product_cat?post=138042"},{"taxonomy":"product_tag","embeddable":true,"href":"https:\/\/kingarms.ee\/lv\/wp-json\/wp\/v2\/product_tag?post=138042"}],"curies":[{"name":"wp","href":"https:\/\/api.w.org\/{rel}","templated":true}]}}