{"id":138050,"date":"2022-10-03T16:15:09","date_gmt":"2024-11-20T14:14:31","guid":{"rendered":"https:\/\/kingarms.ee\/product\/metala-qd-sling-grozins\/"},"modified":"2024-11-20T17:14:31","modified_gmt":"2024-11-20T14:14:31","slug":"metala-qd-sing-swivel","status":"publish","type":"product","link":"https:\/\/kingarms.ee\/lv\/product\/metala-qd-sing-swivel\/","title":{"rendered":"Met\u0101la QD Sling grozi\u0146\u0161"},"content":{"rendered":"","protected":false},"excerpt":{"rendered":"<p>Sling groz\u0101mais ar \u0101tru atdal\u012b\u0161anu<br \/>\nalum\u012bnija konstrukcija<br \/>\nmelna kr\u0101sa<\/p>\n","protected":false},"featured_media":123808,"template":"","meta":{"_acf_changed":false},"product_brand":[],"product_cat":[1107,1129],"product_tag":[],"class_list":{"0":"post-138050","1":"product","2":"type-product","3":"status-publish","4":"has-post-thumbnail","6":"product_cat-noregulesana","7":"product_cat-rezerves-dalas","9":"first","10":"instock","11":"purchasable","12":"product-type-simple"},"acf":[],"_links":{"self":[{"href":"https:\/\/kingarms.ee\/lv\/wp-json\/wp\/v2\/product\/138050","targetHints":{"allow":["GET"]}}],"collection":[{"href":"https:\/\/kingarms.ee\/lv\/wp-json\/wp\/v2\/product"}],"about":[{"href":"https:\/\/kingarms.ee\/lv\/wp-json\/wp\/v2\/types\/product"}],"wp:featuredmedia":[{"embeddable":true,"href":"https:\/\/kingarms.ee\/lv\/wp-json\/wp\/v2\/media\/123808"}],"wp:attachment":[{"href":"https:\/\/kingarms.ee\/lv\/wp-json\/wp\/v2\/media?parent=138050"}],"wp:term":[{"taxonomy":"product_brand","embeddable":true,"href":"https:\/\/kingarms.ee\/lv\/wp-json\/wp\/v2\/product_brand?post=138050"},{"taxonomy":"product_cat","embeddable":true,"href":"https:\/\/kingarms.ee\/lv\/wp-json\/wp\/v2\/product_cat?post=138050"},{"taxonomy":"product_tag","embeddable":true,"href":"https:\/\/kingarms.ee\/lv\/wp-json\/wp\/v2\/product_tag?post=138050"}],"curies":[{"name":"wp","href":"https:\/\/api.w.org\/{rel}","templated":true}]}}