{"id":138062,"date":"2022-10-03T16:03:19","date_gmt":"2024-11-20T14:32:49","guid":{"rendered":"https:\/\/kingarms.ee\/product\/pistoles-pamatne\/"},"modified":"2024-11-20T17:32:49","modified_gmt":"2024-11-20T14:32:49","slug":"pustolambu","status":"publish","type":"product","link":"https:\/\/kingarms.ee\/lv\/product\/pustolambu\/","title":{"rendered":"Pistoles pamatne"},"content":{"rendered":"<p><img loading=\"lazy\" decoding=\"async\" class=\"alignnone size-medium wp-image-62110\" src=\"https:\/\/kingarms.ee\/wp-content\/uploads\/2022\/10\/25688390_25814-1-300x300.jpeg\" alt=\"\" width=\"300\" height=\"300\" srcset=\"https:\/\/kingarms.ee\/wp-content\/uploads\/2022\/10\/25688390_25814-1-300x300.jpeg 300w, https:\/\/kingarms.ee\/wp-content\/uploads\/2022\/10\/25688390_25814-1-150x150.jpeg 150w, https:\/\/kingarms.ee\/wp-content\/uploads\/2022\/10\/25688390_25814-1-500x500.jpeg 500w, https:\/\/kingarms.ee\/wp-content\/uploads\/2022\/10\/25688390_25814-1.jpeg 750w\" sizes=\"auto, (max-width: 300px) 100vw, 300px\" \/><\/p>\n","protected":false},"excerpt":{"rendered":"<p>Pistoles pamatne<\/p>\n<p>Univers\u0101l\u0101 pistoles pamatne ar regul\u0113jamu platumu.<\/p>\n<p>Gumijas k\u0101jas.<\/p>\n","protected":false},"featured_media":132556,"template":"","meta":{"_acf_changed":false},"product_brand":[],"product_cat":[1013,1017],"product_tag":[],"class_list":{"0":"post-138062","1":"product","2":"type-product","3":"status-publish","4":"has-post-thumbnail","6":"product_cat-loki-un-sen","7":"product_cat-piederumi","9":"first","10":"instock","11":"taxable","12":"shipping-taxable","13":"purchasable","14":"product-type-simple"},"acf":[],"_links":{"self":[{"href":"https:\/\/kingarms.ee\/lv\/wp-json\/wp\/v2\/product\/138062","targetHints":{"allow":["GET"]}}],"collection":[{"href":"https:\/\/kingarms.ee\/lv\/wp-json\/wp\/v2\/product"}],"about":[{"href":"https:\/\/kingarms.ee\/lv\/wp-json\/wp\/v2\/types\/product"}],"wp:featuredmedia":[{"embeddable":true,"href":"https:\/\/kingarms.ee\/lv\/wp-json\/wp\/v2\/media\/132556"}],"wp:attachment":[{"href":"https:\/\/kingarms.ee\/lv\/wp-json\/wp\/v2\/media?parent=138062"}],"wp:term":[{"taxonomy":"product_brand","embeddable":true,"href":"https:\/\/kingarms.ee\/lv\/wp-json\/wp\/v2\/product_brand?post=138062"},{"taxonomy":"product_cat","embeddable":true,"href":"https:\/\/kingarms.ee\/lv\/wp-json\/wp\/v2\/product_cat?post=138062"},{"taxonomy":"product_tag","embeddable":true,"href":"https:\/\/kingarms.ee\/lv\/wp-json\/wp\/v2\/product_tag?post=138062"}],"curies":[{"name":"wp","href":"https:\/\/api.w.org\/{rel}","templated":true}]}}