{"id":138081,"date":"2022-06-06T15:27:44","date_gmt":"2024-11-22T07:41:43","guid":{"rendered":"https:\/\/kingarms.ee\/product\/zurnals-hg-171-hfc\/"},"modified":"2024-11-22T10:41:43","modified_gmt":"2024-11-22T07:41:43","slug":"zurnals-hg-171-hfc","status":"publish","type":"product","link":"https:\/\/kingarms.ee\/lv\/product\/zurnals-hg-171-hfc\/","title":{"rendered":"\u017durn\u0101ls HG-171 HFC"},"content":{"rendered":"","protected":false},"excerpt":{"rendered":"<p>\u017durn\u0101ls HG-171 HFC<\/p>\n<p>HFC 27RD g\u0101zes \u017eurn\u0101ls HG -171 s\u0113rijai GBB Pistol &#8211; Black<\/p>\n","protected":false},"featured_media":122145,"template":"","meta":{"_acf_changed":false},"product_brand":[],"product_cat":[1061,1060],"product_tag":[],"class_list":{"0":"post-138081","1":"product","2":"type-product","3":"status-publish","4":"has-post-thumbnail","6":"product_cat-airsoft-lv","7":"product_cat-krapnieki-un-kabatas","9":"first","10":"instock","11":"taxable","12":"shipping-taxable","13":"purchasable","14":"product-type-simple"},"acf":[],"_links":{"self":[{"href":"https:\/\/kingarms.ee\/lv\/wp-json\/wp\/v2\/product\/138081","targetHints":{"allow":["GET"]}}],"collection":[{"href":"https:\/\/kingarms.ee\/lv\/wp-json\/wp\/v2\/product"}],"about":[{"href":"https:\/\/kingarms.ee\/lv\/wp-json\/wp\/v2\/types\/product"}],"wp:featuredmedia":[{"embeddable":true,"href":"https:\/\/kingarms.ee\/lv\/wp-json\/wp\/v2\/media\/122145"}],"wp:attachment":[{"href":"https:\/\/kingarms.ee\/lv\/wp-json\/wp\/v2\/media?parent=138081"}],"wp:term":[{"taxonomy":"product_brand","embeddable":true,"href":"https:\/\/kingarms.ee\/lv\/wp-json\/wp\/v2\/product_brand?post=138081"},{"taxonomy":"product_cat","embeddable":true,"href":"https:\/\/kingarms.ee\/lv\/wp-json\/wp\/v2\/product_cat?post=138081"},{"taxonomy":"product_tag","embeddable":true,"href":"https:\/\/kingarms.ee\/lv\/wp-json\/wp\/v2\/product_tag?post=138081"}],"curies":[{"name":"wp","href":"https:\/\/api.w.org\/{rel}","templated":true}]}}