{"id":138085,"date":"2022-07-18T12:54:44","date_gmt":"2024-11-22T08:53:36","guid":{"rendered":"https:\/\/kingarms.ee\/product\/dekorativais-komplekts-katana-wakizashi-tanto\/"},"modified":"2024-11-22T11:53:36","modified_gmt":"2024-11-22T08:53:36","slug":"dekorativa-katla-wakizashi-tanto","status":"publish","type":"product","link":"https:\/\/kingarms.ee\/lv\/product\/dekorativa-katla-wakizashi-tanto\/","title":{"rendered":"Dekorat\u012bvais komplekts katana-wakizashi-tanto"},"content":{"rendered":"","protected":false},"excerpt":{"rendered":"<p>Dekorat\u012bvais komplekts<br \/>\nKatana kop\u0113jais garums 100 cm asmens garums 65cm<br \/>\nWakizashi kop\u0113jais garums 78cm asmens garums 45cm<br \/>\nTanto kop\u0113jais garums 55cm asmens garums 25cm<br \/>\nKoka p\u0101rsegs iesai\u0146ots zil\u0101 kr\u0101s\u0101<br \/>\nMet\u0101la tsuba<br \/>\nKoka stat\u012bvs ir iek\u013cauts<br \/>\nMelna kr\u0101sa<\/p>\n","protected":false},"featured_media":123020,"template":"","meta":{"_acf_changed":false},"product_brand":[],"product_cat":[1127],"product_tag":[],"class_list":{"0":"post-138085","1":"product","2":"type-product","3":"status-publish","4":"has-post-thumbnail","6":"product_cat-katana-tanto","8":"first","9":"instock","10":"taxable","11":"shipping-taxable","12":"purchasable","13":"product-type-simple"},"acf":[],"_links":{"self":[{"href":"https:\/\/kingarms.ee\/lv\/wp-json\/wp\/v2\/product\/138085","targetHints":{"allow":["GET"]}}],"collection":[{"href":"https:\/\/kingarms.ee\/lv\/wp-json\/wp\/v2\/product"}],"about":[{"href":"https:\/\/kingarms.ee\/lv\/wp-json\/wp\/v2\/types\/product"}],"wp:featuredmedia":[{"embeddable":true,"href":"https:\/\/kingarms.ee\/lv\/wp-json\/wp\/v2\/media\/123020"}],"wp:attachment":[{"href":"https:\/\/kingarms.ee\/lv\/wp-json\/wp\/v2\/media?parent=138085"}],"wp:term":[{"taxonomy":"product_brand","embeddable":true,"href":"https:\/\/kingarms.ee\/lv\/wp-json\/wp\/v2\/product_brand?post=138085"},{"taxonomy":"product_cat","embeddable":true,"href":"https:\/\/kingarms.ee\/lv\/wp-json\/wp\/v2\/product_cat?post=138085"},{"taxonomy":"product_tag","embeddable":true,"href":"https:\/\/kingarms.ee\/lv\/wp-json\/wp\/v2\/product_tag?post=138085"}],"curies":[{"name":"wp","href":"https:\/\/api.w.org\/{rel}","templated":true}]}}