{"id":138089,"date":"2022-07-18T04:06:13","date_gmt":"2024-11-22T09:39:05","guid":{"rendered":"https:\/\/kingarms.ee\/product\/m58b-dubulta-erglis\/"},"modified":"2024-11-22T12:39:05","modified_gmt":"2024-11-22T09:39:05","slug":"m58b-double-eagle","status":"publish","type":"product","link":"https:\/\/kingarms.ee\/lv\/product\/m58b-double-eagle\/","title":{"rendered":"M58B dubult\u0101 \u0113rglis"},"content":{"rendered":"","protected":false},"excerpt":{"rendered":"<p>M58B dubult\u0101 \u0113rglis<\/p>\n<p>Kr\u0101sa: melna<br \/>\nMateri\u0101ls: neilons, alum\u012bnijs<br \/>\nUguns re\u017e\u012bms: viens<br \/>\n\u017durn\u0101la materi\u0101ls: abs<br \/>\nGarantijas periods: 6 m\u0113ne\u0161i<br \/>\nMun\u012bcija: .23g, .20g<br \/>\nGarums: 675 mm<br \/>\n\u017durn\u0101la ietilp\u012bba: 14 BBS<br \/>\nPurna ener\u0123ija: 0,78 j<br \/>\nPurna \u0101trums FPS: 290<br \/>\n\u017durn\u0101lu skaits noteiktos person\u0101los datoros: 2<\/p>\n","protected":false},"featured_media":122890,"template":"","meta":{"_acf_changed":false},"product_brand":[],"product_cat":[1002],"product_tag":[],"class_list":{"0":"post-138089","1":"product","2":"type-product","3":"status-publish","4":"has-post-thumbnail","6":"product_cat-sukna-kodi","8":"first","9":"outofstock","10":"taxable","11":"shipping-taxable","12":"purchasable","13":"product-type-simple"},"acf":[],"_links":{"self":[{"href":"https:\/\/kingarms.ee\/lv\/wp-json\/wp\/v2\/product\/138089","targetHints":{"allow":["GET"]}}],"collection":[{"href":"https:\/\/kingarms.ee\/lv\/wp-json\/wp\/v2\/product"}],"about":[{"href":"https:\/\/kingarms.ee\/lv\/wp-json\/wp\/v2\/types\/product"}],"wp:featuredmedia":[{"embeddable":true,"href":"https:\/\/kingarms.ee\/lv\/wp-json\/wp\/v2\/media\/122890"}],"wp:attachment":[{"href":"https:\/\/kingarms.ee\/lv\/wp-json\/wp\/v2\/media?parent=138089"}],"wp:term":[{"taxonomy":"product_brand","embeddable":true,"href":"https:\/\/kingarms.ee\/lv\/wp-json\/wp\/v2\/product_brand?post=138089"},{"taxonomy":"product_cat","embeddable":true,"href":"https:\/\/kingarms.ee\/lv\/wp-json\/wp\/v2\/product_cat?post=138089"},{"taxonomy":"product_tag","embeddable":true,"href":"https:\/\/kingarms.ee\/lv\/wp-json\/wp\/v2\/product_tag?post=138089"}],"curies":[{"name":"wp","href":"https:\/\/api.w.org\/{rel}","templated":true}]}}