{"id":138094,"date":"2022-06-06T14:06:15","date_gmt":"2024-11-22T10:22:35","guid":{"rendered":"https:\/\/kingarms.ee\/product\/torx-bolt-holosun\/"},"modified":"2024-11-22T13:22:35","modified_gmt":"2024-11-22T10:22:35","slug":"torx-bolt-holosuns","status":"publish","type":"product","link":"https:\/\/kingarms.ee\/lv\/product\/torx-bolt-holosuns\/","title":{"rendered":"Torx Bolt Holosun"},"content":{"rendered":"","protected":false},"excerpt":{"rendered":"<div id=\"box-6360\" class=\"box-block type-5 prod-btn\" data-name=\"BlockBox\">\n<div class=\"block\">\n<div id=\"box-6367\" class=\"box\" data-name=\"product\\DescriptionShort\">\n<div>Torx Bolt Holosun<\/div>\n<div class=\"description-short\">Mont\u0101\u017eas skr\u016bve piccatiny \/ aud\u0113ju sliedei<\/div>\n<\/div>\n<\/div>\n<\/div>\n","protected":false},"featured_media":122009,"template":"","meta":{"_acf_changed":false},"product_brand":[],"product_cat":[1032],"product_tag":[],"class_list":{"0":"post-138094","1":"product","2":"type-product","3":"status-publish","4":"has-post-thumbnail","6":"product_cat-pievienojumi-un-aksesuari","8":"first","9":"instock","10":"taxable","11":"shipping-taxable","12":"purchasable","13":"product-type-simple"},"acf":[],"_links":{"self":[{"href":"https:\/\/kingarms.ee\/lv\/wp-json\/wp\/v2\/product\/138094","targetHints":{"allow":["GET"]}}],"collection":[{"href":"https:\/\/kingarms.ee\/lv\/wp-json\/wp\/v2\/product"}],"about":[{"href":"https:\/\/kingarms.ee\/lv\/wp-json\/wp\/v2\/types\/product"}],"wp:featuredmedia":[{"embeddable":true,"href":"https:\/\/kingarms.ee\/lv\/wp-json\/wp\/v2\/media\/122009"}],"wp:attachment":[{"href":"https:\/\/kingarms.ee\/lv\/wp-json\/wp\/v2\/media?parent=138094"}],"wp:term":[{"taxonomy":"product_brand","embeddable":true,"href":"https:\/\/kingarms.ee\/lv\/wp-json\/wp\/v2\/product_brand?post=138094"},{"taxonomy":"product_cat","embeddable":true,"href":"https:\/\/kingarms.ee\/lv\/wp-json\/wp\/v2\/product_cat?post=138094"},{"taxonomy":"product_tag","embeddable":true,"href":"https:\/\/kingarms.ee\/lv\/wp-json\/wp\/v2\/product_tag?post=138094"}],"curies":[{"name":"wp","href":"https:\/\/api.w.org\/{rel}","templated":true}]}}