{"id":138095,"date":"2022-06-06T13:44:59","date_gmt":"2024-11-22T10:33:42","guid":{"rendered":"https:\/\/kingarms.ee\/product\/plb-jostas-koijots\/"},"modified":"2024-11-22T13:33:42","modified_gmt":"2024-11-22T10:33:42","slug":"plb-belt-coyote","status":"publish","type":"product","link":"https:\/\/kingarms.ee\/lv\/product\/plb-belt-coyote\/","title":{"rendered":"PLB jostas koijots"},"content":{"rendered":"","protected":false},"excerpt":{"rendered":"<p>PLB mode\u013ca taktisk\u0101 josta no Austrijas z\u012bmola iebruc\u0113ju p\u0101rnesumiem ar molle sist\u0113mu komun\u0101lo pakalpojumu kabatu pievieno\u0161anai un apr\u012bkojuma piestiprin\u0101\u0161anai.<br \/>\nSiksnai ir m\u012bksts elpojo\u0161s polster\u0113jums, lai ieg\u016btu papildu komfortu un lielu iek\u0161\u0113jo Velcro pl\u0101ksteri.<br \/>\nViena izm\u0113ra regul\u0113jama<br \/>\nAizv\u0113r\u0161ana<br \/>\n4x D-gredzeni<\/p>\n","protected":false},"featured_media":121970,"template":"","meta":{"_acf_changed":false},"product_brand":[],"product_cat":[1090],"product_tag":[],"class_list":{"0":"post-138095","1":"product","2":"type-product","3":"status-publish","4":"has-post-thumbnail","6":"product_cat-ipsc-jostas","8":"first","9":"instock","10":"taxable","11":"shipping-taxable","12":"purchasable","13":"product-type-simple"},"acf":[],"_links":{"self":[{"href":"https:\/\/kingarms.ee\/lv\/wp-json\/wp\/v2\/product\/138095","targetHints":{"allow":["GET"]}}],"collection":[{"href":"https:\/\/kingarms.ee\/lv\/wp-json\/wp\/v2\/product"}],"about":[{"href":"https:\/\/kingarms.ee\/lv\/wp-json\/wp\/v2\/types\/product"}],"wp:featuredmedia":[{"embeddable":true,"href":"https:\/\/kingarms.ee\/lv\/wp-json\/wp\/v2\/media\/121970"}],"wp:attachment":[{"href":"https:\/\/kingarms.ee\/lv\/wp-json\/wp\/v2\/media?parent=138095"}],"wp:term":[{"taxonomy":"product_brand","embeddable":true,"href":"https:\/\/kingarms.ee\/lv\/wp-json\/wp\/v2\/product_brand?post=138095"},{"taxonomy":"product_cat","embeddable":true,"href":"https:\/\/kingarms.ee\/lv\/wp-json\/wp\/v2\/product_cat?post=138095"},{"taxonomy":"product_tag","embeddable":true,"href":"https:\/\/kingarms.ee\/lv\/wp-json\/wp\/v2\/product_tag?post=138095"}],"curies":[{"name":"wp","href":"https:\/\/api.w.org\/{rel}","templated":true}]}}