{"id":138124,"date":"2022-05-16T14:10:54","date_gmt":"2024-11-22T15:13:02","guid":{"rendered":"https:\/\/kingarms.ee\/product\/ptt-poga-motorola-tips\/"},"modified":"2024-11-22T18:13:02","modified_gmt":"2024-11-22T15:13:02","slug":"ptt-motorola-tipa","status":"publish","type":"product","link":"https:\/\/kingarms.ee\/lv\/product\/ptt-motorola-tipa\/","title":{"rendered":"PTT poga &#8211; Motorola tips"},"content":{"rendered":"","protected":false},"excerpt":{"rendered":"<p>PTT poga &#8211; Motorola Ievadiet PTT pogu austi\u0146\u0101m, kas apr\u012bkotas ar milit\u0101r\u0101 tipa spraudni. Pogas poga ir piestiprin\u0101ta pie p\u0101rnesuma, izmantojot rot\u0101cijas stiprin\u0101jumu.<\/p>\n","protected":false},"featured_media":119535,"template":"","meta":{"_acf_changed":false},"product_brand":[],"product_cat":[1124,1122],"product_tag":[],"class_list":{"0":"post-138124","1":"product","2":"type-product","3":"status-publish","4":"has-post-thumbnail","6":"product_cat-piederumi-lv","7":"product_cat-radio-lv","9":"first","10":"instock","11":"purchasable","12":"product-type-simple"},"acf":[],"_links":{"self":[{"href":"https:\/\/kingarms.ee\/lv\/wp-json\/wp\/v2\/product\/138124","targetHints":{"allow":["GET"]}}],"collection":[{"href":"https:\/\/kingarms.ee\/lv\/wp-json\/wp\/v2\/product"}],"about":[{"href":"https:\/\/kingarms.ee\/lv\/wp-json\/wp\/v2\/types\/product"}],"wp:featuredmedia":[{"embeddable":true,"href":"https:\/\/kingarms.ee\/lv\/wp-json\/wp\/v2\/media\/119535"}],"wp:attachment":[{"href":"https:\/\/kingarms.ee\/lv\/wp-json\/wp\/v2\/media?parent=138124"}],"wp:term":[{"taxonomy":"product_brand","embeddable":true,"href":"https:\/\/kingarms.ee\/lv\/wp-json\/wp\/v2\/product_brand?post=138124"},{"taxonomy":"product_cat","embeddable":true,"href":"https:\/\/kingarms.ee\/lv\/wp-json\/wp\/v2\/product_cat?post=138124"},{"taxonomy":"product_tag","embeddable":true,"href":"https:\/\/kingarms.ee\/lv\/wp-json\/wp\/v2\/product_tag?post=138124"}],"curies":[{"name":"wp","href":"https:\/\/api.w.org\/{rel}","templated":true}]}}