{"id":138130,"date":"2022-05-16T14:10:54","date_gmt":"2024-11-22T15:41:28","guid":{"rendered":"https:\/\/kingarms.ee\/product\/specna-ierocu-krekls-jusu-airsoft-cels\/"},"modified":"2024-11-22T18:41:28","modified_gmt":"2024-11-22T15:41:28","slug":"specna-arms-krekls-jusu-airsoft-5","status":"publish","type":"product","link":"https:\/\/kingarms.ee\/lv\/product\/specna-arms-krekls-jusu-airsoft-5\/","title":{"rendered":"Specna iero\u010du krekls j\u016bsu airsoft ce\u013c\u0161"},"content":{"rendered":"","protected":false},"excerpt":{"rendered":"<p>Specna iero\u010du krekls j\u016bsu Airsoft ce\u013cvedis \u0113rts krekls ar klasisku griezumu un Specna iero\u010du dizains. Pateicoties kreklam, kas ir izgatavots no kokvilnas, to ir \u0113rti valk\u0101t.<\/p>\n","protected":false},"featured_media":119481,"template":"","meta":{"_acf_changed":false},"product_brand":[],"product_cat":[1070],"product_tag":[],"class_list":{"0":"post-138130","1":"product","2":"type-product","3":"status-publish","4":"has-post-thumbnail","6":"product_cat-bluzes-krekli","8":"first","9":"instock","10":"sale","11":"purchasable","12":"product-type-variable"},"acf":[],"_links":{"self":[{"href":"https:\/\/kingarms.ee\/lv\/wp-json\/wp\/v2\/product\/138130","targetHints":{"allow":["GET"]}}],"collection":[{"href":"https:\/\/kingarms.ee\/lv\/wp-json\/wp\/v2\/product"}],"about":[{"href":"https:\/\/kingarms.ee\/lv\/wp-json\/wp\/v2\/types\/product"}],"wp:featuredmedia":[{"embeddable":true,"href":"https:\/\/kingarms.ee\/lv\/wp-json\/wp\/v2\/media\/119481"}],"wp:attachment":[{"href":"https:\/\/kingarms.ee\/lv\/wp-json\/wp\/v2\/media?parent=138130"}],"wp:term":[{"taxonomy":"product_brand","embeddable":true,"href":"https:\/\/kingarms.ee\/lv\/wp-json\/wp\/v2\/product_brand?post=138130"},{"taxonomy":"product_cat","embeddable":true,"href":"https:\/\/kingarms.ee\/lv\/wp-json\/wp\/v2\/product_cat?post=138130"},{"taxonomy":"product_tag","embeddable":true,"href":"https:\/\/kingarms.ee\/lv\/wp-json\/wp\/v2\/product_tag?post=138130"}],"curies":[{"name":"wp","href":"https:\/\/api.w.org\/{rel}","templated":true}]}}