{"id":138143,"date":"2022-04-29T14:01:00","date_gmt":"2024-11-22T21:10:21","guid":{"rendered":"https:\/\/kingarms.ee\/product\/wosport-recycle-pouch-multicam\/"},"modified":"2024-11-23T00:10:21","modified_gmt":"2024-11-22T21:10:21","slug":"wosport-recycle-pouch-mulicam","status":"publish","type":"product","link":"https:\/\/kingarms.ee\/lv\/product\/wosport-recycle-pouch-mulicam\/","title":{"rendered":"WOSPORT RECYCLE POUCH MULTICAM"},"content":{"rendered":"","protected":false},"excerpt":{"rendered":"<p>1000d neilons<br \/>\nPieskarieties l\u012bdz jostai vai vestei<br \/>\nSmolle sist\u0113ma<br \/>\nElast\u012bg\u0101 aukla un velcro sl\u0113g\u0161ana<br \/>\nVentil\u0101cijas caurums atv\u0113rt\u0101 izm\u0113r\u0101 26&#215;29<br \/>\nCmshrink izm\u0113rs 26x12cm<\/p>\n","protected":false},"featured_media":118286,"template":"","meta":{"_acf_changed":false},"product_brand":[],"product_cat":[1098,1100],"product_tag":[],"class_list":{"0":"post-138143","1":"product","2":"type-product","3":"status-publish","4":"has-post-thumbnail","6":"product_cat-maisini-somas-un-siksnas","7":"product_cat-uzglabasanas-kabatas","9":"first","10":"instock","11":"purchasable","12":"product-type-simple"},"acf":[],"_links":{"self":[{"href":"https:\/\/kingarms.ee\/lv\/wp-json\/wp\/v2\/product\/138143","targetHints":{"allow":["GET"]}}],"collection":[{"href":"https:\/\/kingarms.ee\/lv\/wp-json\/wp\/v2\/product"}],"about":[{"href":"https:\/\/kingarms.ee\/lv\/wp-json\/wp\/v2\/types\/product"}],"wp:featuredmedia":[{"embeddable":true,"href":"https:\/\/kingarms.ee\/lv\/wp-json\/wp\/v2\/media\/118286"}],"wp:attachment":[{"href":"https:\/\/kingarms.ee\/lv\/wp-json\/wp\/v2\/media?parent=138143"}],"wp:term":[{"taxonomy":"product_brand","embeddable":true,"href":"https:\/\/kingarms.ee\/lv\/wp-json\/wp\/v2\/product_brand?post=138143"},{"taxonomy":"product_cat","embeddable":true,"href":"https:\/\/kingarms.ee\/lv\/wp-json\/wp\/v2\/product_cat?post=138143"},{"taxonomy":"product_tag","embeddable":true,"href":"https:\/\/kingarms.ee\/lv\/wp-json\/wp\/v2\/product_tag?post=138143"}],"curies":[{"name":"wp","href":"https:\/\/api.w.org\/{rel}","templated":true}]}}