{"id":138147,"date":"2022-04-26T13:17:59","date_gmt":"2024-11-22T22:01:17","guid":{"rendered":"https:\/\/kingarms.ee\/product\/polstereta-molle-kaujas-josta-m-melnie-8-lauki\/"},"modified":"2024-11-23T01:01:17","modified_gmt":"2024-11-22T22:01:17","slug":"polsteretas-kaujas-joslas-m-melna-8-lauki","status":"publish","type":"product","link":"https:\/\/kingarms.ee\/lv\/product\/polsteretas-kaujas-joslas-m-melna-8-lauki\/","title":{"rendered":"Polster\u0113ta molle kaujas josta M melnie 8 lauki"},"content":{"rendered":"","protected":false},"excerpt":{"rendered":"<p>Polster\u0113ta molle kaujas josta M melnie 8 lauki, kas ir savietojami ar vis\u0101m molle apr\u012bkojumiem. Lieliski piem\u0113rots \u017eurn\u0101lu maisi\u0146iem, izme\u0161anas maisi\u0146iem, k\u0101ju pane\u013ciem, makstiem utt.<\/p>\n","protected":false},"featured_media":117455,"template":"","meta":{"_acf_changed":false},"product_brand":[],"product_cat":[1090],"product_tag":[],"class_list":{"0":"post-138147","1":"product","2":"type-product","3":"status-publish","4":"has-post-thumbnail","6":"product_cat-ipsc-jostas","8":"first","9":"onbackorder","10":"product-type-simple"},"acf":[],"_links":{"self":[{"href":"https:\/\/kingarms.ee\/lv\/wp-json\/wp\/v2\/product\/138147","targetHints":{"allow":["GET"]}}],"collection":[{"href":"https:\/\/kingarms.ee\/lv\/wp-json\/wp\/v2\/product"}],"about":[{"href":"https:\/\/kingarms.ee\/lv\/wp-json\/wp\/v2\/types\/product"}],"wp:featuredmedia":[{"embeddable":true,"href":"https:\/\/kingarms.ee\/lv\/wp-json\/wp\/v2\/media\/117455"}],"wp:attachment":[{"href":"https:\/\/kingarms.ee\/lv\/wp-json\/wp\/v2\/media?parent=138147"}],"wp:term":[{"taxonomy":"product_brand","embeddable":true,"href":"https:\/\/kingarms.ee\/lv\/wp-json\/wp\/v2\/product_brand?post=138147"},{"taxonomy":"product_cat","embeddable":true,"href":"https:\/\/kingarms.ee\/lv\/wp-json\/wp\/v2\/product_cat?post=138147"},{"taxonomy":"product_tag","embeddable":true,"href":"https:\/\/kingarms.ee\/lv\/wp-json\/wp\/v2\/product_tag?post=138147"}],"curies":[{"name":"wp","href":"https:\/\/api.w.org\/{rel}","templated":true}]}}