{"id":138210,"date":"2022-05-16T14:10:54","date_gmt":"2024-11-23T11:51:55","guid":{"rendered":"https:\/\/kingarms.ee\/product\/zu94-militara-ptt-standarta-versija\/"},"modified":"2024-11-23T14:51:55","modified_gmt":"2024-11-23T11:51:55","slug":"zu94-military-ptt-standarta-versija","status":"publish","type":"product","link":"https:\/\/kingarms.ee\/lv\/product\/zu94-military-ptt-standarta-versija\/","title":{"rendered":"Zu94 milit\u0101r\u0101 PTT, standarta versija"},"content":{"rendered":"","protected":false},"excerpt":{"rendered":"<p>PTT poga austi\u0146\u0101m, kas ir apr\u012bkotas ar milit\u0101r\u0101 tipa spraudni. Poga ir uzst\u0101d\u012bta uz apr\u012bkojumu, izmantojot vienk\u0101r\u0161u spr\u0101dzi. T\u0101s mazie izm\u0113ri atvieglo kabatu vai maisi\u0146u izmanto\u0161anu.  <\/p>\n","protected":false},"featured_media":119509,"template":"","meta":{"_acf_changed":false},"product_brand":[],"product_cat":[1124],"product_tag":[],"class_list":{"0":"post-138210","1":"product","2":"type-product","3":"status-publish","4":"has-post-thumbnail","6":"product_cat-piederumi-lv","8":"first","9":"instock","10":"purchasable","11":"product-type-simple"},"acf":[],"_links":{"self":[{"href":"https:\/\/kingarms.ee\/lv\/wp-json\/wp\/v2\/product\/138210","targetHints":{"allow":["GET"]}}],"collection":[{"href":"https:\/\/kingarms.ee\/lv\/wp-json\/wp\/v2\/product"}],"about":[{"href":"https:\/\/kingarms.ee\/lv\/wp-json\/wp\/v2\/types\/product"}],"wp:featuredmedia":[{"embeddable":true,"href":"https:\/\/kingarms.ee\/lv\/wp-json\/wp\/v2\/media\/119509"}],"wp:attachment":[{"href":"https:\/\/kingarms.ee\/lv\/wp-json\/wp\/v2\/media?parent=138210"}],"wp:term":[{"taxonomy":"product_brand","embeddable":true,"href":"https:\/\/kingarms.ee\/lv\/wp-json\/wp\/v2\/product_brand?post=138210"},{"taxonomy":"product_cat","embeddable":true,"href":"https:\/\/kingarms.ee\/lv\/wp-json\/wp\/v2\/product_cat?post=138210"},{"taxonomy":"product_tag","embeddable":true,"href":"https:\/\/kingarms.ee\/lv\/wp-json\/wp\/v2\/product_tag?post=138210"}],"curies":[{"name":"wp","href":"https:\/\/api.w.org\/{rel}","templated":true}]}}