{"id":138211,"date":"2022-05-23T15:27:00","date_gmt":"2024-11-23T11:52:30","guid":{"rendered":"https:\/\/kingarms.ee\/product\/crosman-c-tt-zurnals\/"},"modified":"2024-11-23T14:52:30","modified_gmt":"2024-11-23T11:52:30","slug":"krosmans-c-tt-magazins","status":"publish","type":"product","link":"https:\/\/kingarms.ee\/lv\/product\/krosmans-c-tt-magazins\/","title":{"rendered":"CROSMAN C-TT \u017eurn\u0101ls"},"content":{"rendered":"","protected":false},"excerpt":{"rendered":"<p>CROSMAN C-TT \u017eurn\u0101ls<\/p>\n","protected":false},"featured_media":120637,"template":"","meta":{"_acf_changed":false},"product_brand":[],"product_cat":[990],"product_tag":[],"class_list":{"0":"post-138211","1":"product","2":"type-product","3":"status-publish","4":"has-post-thumbnail","6":"product_cat-naudotu-produktu","8":"first","9":"instock","10":"taxable","11":"shipping-taxable","12":"purchasable","13":"product-type-simple"},"acf":[],"_links":{"self":[{"href":"https:\/\/kingarms.ee\/lv\/wp-json\/wp\/v2\/product\/138211","targetHints":{"allow":["GET"]}}],"collection":[{"href":"https:\/\/kingarms.ee\/lv\/wp-json\/wp\/v2\/product"}],"about":[{"href":"https:\/\/kingarms.ee\/lv\/wp-json\/wp\/v2\/types\/product"}],"wp:featuredmedia":[{"embeddable":true,"href":"https:\/\/kingarms.ee\/lv\/wp-json\/wp\/v2\/media\/120637"}],"wp:attachment":[{"href":"https:\/\/kingarms.ee\/lv\/wp-json\/wp\/v2\/media?parent=138211"}],"wp:term":[{"taxonomy":"product_brand","embeddable":true,"href":"https:\/\/kingarms.ee\/lv\/wp-json\/wp\/v2\/product_brand?post=138211"},{"taxonomy":"product_cat","embeddable":true,"href":"https:\/\/kingarms.ee\/lv\/wp-json\/wp\/v2\/product_cat?post=138211"},{"taxonomy":"product_tag","embeddable":true,"href":"https:\/\/kingarms.ee\/lv\/wp-json\/wp\/v2\/product_tag?post=138211"}],"curies":[{"name":"wp","href":"https:\/\/api.w.org\/{rel}","templated":true}]}}