{"id":138215,"date":"2023-10-10T18:06:49","date_gmt":"2023-10-10T15:06:49","guid":{"rendered":"https:\/\/kingarms.ee\/product\/pavasara-ierocis-mr-711-labi\/"},"modified":"2025-08-03T15:31:41","modified_gmt":"2025-08-03T12:31:41","slug":"vedrurelv-mr-711-well","status":"publish","type":"product","link":"https:\/\/kingarms.ee\/lv\/product\/vedrurelv-mr-711-well\/","title":{"rendered":"Pavasara Ierocis MR-711 (labi)"},"content":{"rendered":"<p><img loading=\"lazy\" decoding=\"async\" class=\"alignnone size-medium wp-image-81796\" src=\"https:\/\/kingarms.ee\/wp-content\/uploads\/2023\/10\/1137359042_1-300x205.webp\" alt=\"\" width=\"300\" height=\"205\" srcset=\"https:\/\/kingarms.ee\/wp-content\/uploads\/2023\/10\/1137359042_1-300x205.webp 300w, https:\/\/kingarms.ee\/wp-content\/uploads\/2023\/10\/1137359042_1-500x341.webp 500w, https:\/\/kingarms.ee\/wp-content\/uploads\/2023\/10\/1137359042_1-150x102.webp 150w, https:\/\/kingarms.ee\/wp-content\/uploads\/2023\/10\/1137359042_1.webp 550w\" sizes=\"auto, (max-width: 300px) 100vw, 300px\" \/><\/p>\n","protected":false},"excerpt":{"rendered":"<p>Pavasara Ierocis MR-711 (labi) MR-711 Uzbruma pistoles Kopija ir Izgavatota no izurururia abs. Uzz zv\u012b\u0146aino asme\u0146u darba kvalit\u0101ti un Uzman\u012bba deta\u013cas, piem\u0113ram, Regul\u0113\u0161anas Joslas Joslas Transporturi roktura m\u0113r\u017ei. Sh\u012b Moda\u0161anas atricas uzz colt 933 Komandu Agr\u012bnaj\u0101m Versij\u0101m, Kuras daudu george iepa\u0161\u0101s Vieniebas bija aizraut\u0101gas. Shaj\u0101 Model\u012b TieK izMantots 5 Poz\u012bCIJU loc\u012b\u0161anas materi\u0101li, Neatarieli no T\u0101, vai Paz\u012blams nav m4 karab\u012bthnes. T\u0101 rezult\u0101tta m\u0113zs var vel Lahak Piel\u0101tes Kopjujuju mossu shausanas poz\u012bcija. Iestatiet Ietilpst: &#8211; MR -711 \u012bpa\u0161ums<br \/>\n&#8211; Zieda<br \/>\n&#8211; Siksna<br \/>\n&#8211; Pavasar<\/p>\n","protected":false},"featured_media":130181,"template":"","meta":{"_acf_changed":false},"product_brand":[],"product_cat":[1001],"product_tag":[],"class_list":{"0":"post-138215","1":"product","2":"type-product","3":"status-publish","4":"has-post-thumbnail","6":"product_cat-tirdzniecibas-automati","8":"first","9":"instock","10":"taxable","11":"shipping-taxable","12":"purchasable","13":"product-type-simple"},"acf":[],"_links":{"self":[{"href":"https:\/\/kingarms.ee\/lv\/wp-json\/wp\/v2\/product\/138215","targetHints":{"allow":["GET"]}}],"collection":[{"href":"https:\/\/kingarms.ee\/lv\/wp-json\/wp\/v2\/product"}],"about":[{"href":"https:\/\/kingarms.ee\/lv\/wp-json\/wp\/v2\/types\/product"}],"wp:featuredmedia":[{"embeddable":true,"href":"https:\/\/kingarms.ee\/lv\/wp-json\/wp\/v2\/media\/130181"}],"wp:attachment":[{"href":"https:\/\/kingarms.ee\/lv\/wp-json\/wp\/v2\/media?parent=138215"}],"wp:term":[{"taxonomy":"product_brand","embeddable":true,"href":"https:\/\/kingarms.ee\/lv\/wp-json\/wp\/v2\/product_brand?post=138215"},{"taxonomy":"product_cat","embeddable":true,"href":"https:\/\/kingarms.ee\/lv\/wp-json\/wp\/v2\/product_cat?post=138215"},{"taxonomy":"product_tag","embeddable":true,"href":"https:\/\/kingarms.ee\/lv\/wp-json\/wp\/v2\/product_tag?post=138215"}],"curies":[{"name":"wp","href":"https:\/\/api.w.org\/{rel}","templated":true}]}}