{"id":138219,"date":"2023-10-10T15:04:52","date_gmt":"2024-11-23T12:17:48","guid":{"rendered":"https:\/\/kingarms.ee\/product\/kabata-hronografs-x310\/"},"modified":"2025-08-03T15:34:44","modified_gmt":"2025-08-03T12:34:44","slug":"tasku-kronograaf-x310","status":"publish","type":"product","link":"https:\/\/kingarms.ee\/lv\/product\/tasku-kronograaf-x310\/","title":{"rendered":"Kabata Hronogr\u0101fs x310"},"content":{"rendered":"<p><img loading=\"lazy\" decoding=\"async\" class=\"alignnone size-medium wp-image-81739\" src=\"https:\/\/kingarms.ee\/wp-content\/uploads\/2023\/10\/1152232942_1-300x200.webp\" alt=\"\" width=\"300\" height=\"200\" srcset=\"https:\/\/kingarms.ee\/wp-content\/uploads\/2023\/10\/1152232942_1-300x200.webp 300w, https:\/\/kingarms.ee\/wp-content\/uploads\/2023\/10\/1152232942_1-1024x682.webp 1024w, https:\/\/kingarms.ee\/wp-content\/uploads\/2023\/10\/1152232942_1-768x512.webp 768w, https:\/\/kingarms.ee\/wp-content\/uploads\/2023\/10\/1152232942_1-1536x1024.webp 1536w, https:\/\/kingarms.ee\/wp-content\/uploads\/2023\/10\/1152232942_1-500x333.webp 500w, https:\/\/kingarms.ee\/wp-content\/uploads\/2023\/10\/1152232942_1-150x100.webp 150w, https:\/\/kingarms.ee\/wp-content\/uploads\/2023\/10\/1152232942_1.webp 2000w\" sizes=\"auto, (max-width: 300px) 100vw, 300px\" \/><\/p>\n","protected":false},"excerpt":{"rendered":"<p>Kabata Hronogr\u0101fs X310 Atz\u012bls par miniat\u016bru tirgus Hronografu, Ko Razo Xcortech Z\u012bmols. Hronografa Pamat\u0101 ir X3200 un X3500 Dogi\u012bms Intelli, Neskatoties Uzm Nelielu X310 izM\u0113ru, tas Suglab\u0101 Savava priekshganhu formcijas un funki. Ier\u012bces izm\u0113ri ir l\u012btuzig GoPro Kamerai, Tapec Tas Neaiz\u0146em dauddz Vietas un Tos varns\u0101t Kabat\u0101 Kabat\u0101 Kabat\u0101 Kabat\u0101 VA. Hronografs sa\u0146em ener\u0123iju no Viena aa akumulatoriem (nav iekilaus), un tam ir micro usb usb savienotajs, neatkar\u012bvi no t\u0101, vaiiUuj luz el\u0101v el\u0101j banku banku banku banku banku banku banku banku banku banku banku banku banku banku banku banku banku bankum. Ier\u012bss funk;<\/p>\n","protected":false},"featured_media":130143,"template":"","meta":{"_acf_changed":false},"product_brand":[],"product_cat":[1114],"product_tag":[],"class_list":{"0":"post-138219","1":"product","2":"type-product","3":"status-publish","4":"has-post-thumbnail","6":"product_cat-hronografi","8":"first","9":"onbackorder","10":"taxable","11":"shipping-taxable","12":"product-type-simple"},"acf":[],"_links":{"self":[{"href":"https:\/\/kingarms.ee\/lv\/wp-json\/wp\/v2\/product\/138219","targetHints":{"allow":["GET"]}}],"collection":[{"href":"https:\/\/kingarms.ee\/lv\/wp-json\/wp\/v2\/product"}],"about":[{"href":"https:\/\/kingarms.ee\/lv\/wp-json\/wp\/v2\/types\/product"}],"wp:featuredmedia":[{"embeddable":true,"href":"https:\/\/kingarms.ee\/lv\/wp-json\/wp\/v2\/media\/130143"}],"wp:attachment":[{"href":"https:\/\/kingarms.ee\/lv\/wp-json\/wp\/v2\/media?parent=138219"}],"wp:term":[{"taxonomy":"product_brand","embeddable":true,"href":"https:\/\/kingarms.ee\/lv\/wp-json\/wp\/v2\/product_brand?post=138219"},{"taxonomy":"product_cat","embeddable":true,"href":"https:\/\/kingarms.ee\/lv\/wp-json\/wp\/v2\/product_cat?post=138219"},{"taxonomy":"product_tag","embeddable":true,"href":"https:\/\/kingarms.ee\/lv\/wp-json\/wp\/v2\/product_tag?post=138219"}],"curies":[{"name":"wp","href":"https:\/\/api.w.org\/{rel}","templated":true}]}}