{"id":138223,"date":"2023-10-10T14:44:19","date_gmt":"2024-11-23T12:40:36","guid":{"rendered":"https:\/\/kingarms.ee\/product\/oglekla-shainings-troxhna-slapatajs-dsl2-36x100mm-zaulch\/"},"modified":"2025-08-03T15:35:46","modified_gmt":"2025-08-03T12:35:46","slug":"susssss-fiber-dip-dipl2-36x100mm-zaoula","status":"publish","type":"product","link":"https:\/\/kingarms.ee\/lv\/product\/susssss-fiber-dip-dipl2-36x100mm-zaoula\/","title":{"rendered":"Oglek\u013ca Shainings Troxh\u0146a Slapatajs DSL2 36x100mm Zaulch"},"content":{"rendered":"<p><img loading=\"lazy\" decoding=\"async\" class=\"alignnone size-medium wp-image-81726\" src=\"https:\/\/kingarms.ee\/wp-content\/uploads\/2023\/10\/1152234948_1-300x200.webp\" alt=\"\" width=\"300\" height=\"200\" srcset=\"https:\/\/kingarms.ee\/wp-content\/uploads\/2023\/10\/1152234948_1-300x200.webp 300w, https:\/\/kingarms.ee\/wp-content\/uploads\/2023\/10\/1152234948_1-1024x682.webp 1024w, https:\/\/kingarms.ee\/wp-content\/uploads\/2023\/10\/1152234948_1-768x512.webp 768w, https:\/\/kingarms.ee\/wp-content\/uploads\/2023\/10\/1152234948_1-1536x1024.webp 1536w, https:\/\/kingarms.ee\/wp-content\/uploads\/2023\/10\/1152234948_1-500x333.webp 500w, https:\/\/kingarms.ee\/wp-content\/uploads\/2023\/10\/1152234948_1-150x100.webp 150w, https:\/\/kingarms.ee\/wp-content\/uploads\/2023\/10\/1152234948_1.webp 2000w\" sizes=\"auto, (max-width: 300px) 100vw, 300px\" \/><\/p>\n","protected":false},"excerpt":{"rendered":"<p>OGLEK\u013cA Shedras trokssh\u0146a sl\u0101p\u0101ti dsl2 36x100mm zaulch Galvenocararararart Ogleek\u00f2a trok\u0161\u0146a sl\u0101p\u0101tti. Trokssh\u0146a sl\u0101p\u012bt\u0101da gals ir Izgavatots nav alum\u012bnija ar 14 mm ccw Pavedienu CNC. Core Airsoft Italy IR Uz\u0146iemums, Neatariel no TAS, vai Augstas Augstas Qualit\u0101 ir aurojakoker detula gan laika, Gan GBB Kopij\u0101m. Pla\u0161ai Kr\u0101su diapazons un gandriz Katra elementi Esp\u0113ja ir apmierinosh tradicionalajiemiMs airsoft un iamsoft cien\u012btejiem. IzminantoJot ir pilnibai izstr\u0101vas un razhotas it\u0101lija.<\/p>\n","protected":false},"featured_media":130139,"template":"","meta":{"_acf_changed":false},"product_brand":[],"product_cat":[1113],"product_tag":[],"class_list":{"0":"post-138223","1":"product","2":"type-product","3":"status-publish","4":"has-post-thumbnail","6":"product_cat-troksna-slapetaji","8":"first","9":"instock","10":"taxable","11":"shipping-taxable","12":"purchasable","13":"product-type-simple"},"acf":[],"_links":{"self":[{"href":"https:\/\/kingarms.ee\/lv\/wp-json\/wp\/v2\/product\/138223","targetHints":{"allow":["GET"]}}],"collection":[{"href":"https:\/\/kingarms.ee\/lv\/wp-json\/wp\/v2\/product"}],"about":[{"href":"https:\/\/kingarms.ee\/lv\/wp-json\/wp\/v2\/types\/product"}],"wp:featuredmedia":[{"embeddable":true,"href":"https:\/\/kingarms.ee\/lv\/wp-json\/wp\/v2\/media\/130139"}],"wp:attachment":[{"href":"https:\/\/kingarms.ee\/lv\/wp-json\/wp\/v2\/media?parent=138223"}],"wp:term":[{"taxonomy":"product_brand","embeddable":true,"href":"https:\/\/kingarms.ee\/lv\/wp-json\/wp\/v2\/product_brand?post=138223"},{"taxonomy":"product_cat","embeddable":true,"href":"https:\/\/kingarms.ee\/lv\/wp-json\/wp\/v2\/product_cat?post=138223"},{"taxonomy":"product_tag","embeddable":true,"href":"https:\/\/kingarms.ee\/lv\/wp-json\/wp\/v2\/product_tag?post=138223"}],"curies":[{"name":"wp","href":"https:\/\/api.w.org\/{rel}","templated":true}]}}