{"id":138226,"date":"2023-10-10T14:38:56","date_gmt":"2024-11-23T12:58:29","guid":{"rendered":"https:\/\/kingarms.ee\/product\/oglekla-s%d0%baietda-troxhna-slapatajs-dsl2-36x150mm-zauulshshshshshshshshshshshs\/"},"modified":"2025-08-03T15:37:40","modified_gmt":"2025-08-03T12:37:40","slug":"susss-fiber-dip-dip-dip-dip-dipl2-36x150mm-zala","status":"publish","type":"product","link":"https:\/\/kingarms.ee\/lv\/product\/susss-fiber-dip-dip-dip-dip-dipl2-36x150mm-zala\/","title":{"rendered":"OGLEK\u013cA \u0160\u043aIETDA TROXH\u0146A Slapatajs DSL2 36x150mm Zauulshshshshshshshshshshshs"},"content":{"rendered":"<p><img loading=\"lazy\" decoding=\"async\" class=\"alignnone size-medium wp-image-81706\" src=\"https:\/\/kingarms.ee\/wp-content\/uploads\/2023\/10\/1152235052_2-300x200.webp\" alt=\"\" width=\"300\" height=\"200\" srcset=\"https:\/\/kingarms.ee\/wp-content\/uploads\/2023\/10\/1152235052_2-300x200.webp 300w, https:\/\/kingarms.ee\/wp-content\/uploads\/2023\/10\/1152235052_2-1024x682.webp 1024w, https:\/\/kingarms.ee\/wp-content\/uploads\/2023\/10\/1152235052_2-768x512.webp 768w, https:\/\/kingarms.ee\/wp-content\/uploads\/2023\/10\/1152235052_2-1536x1024.webp 1536w, https:\/\/kingarms.ee\/wp-content\/uploads\/2023\/10\/1152235052_2-500x333.webp 500w, https:\/\/kingarms.ee\/wp-content\/uploads\/2023\/10\/1152235052_2-150x100.webp 150w, https:\/\/kingarms.ee\/wp-content\/uploads\/2023\/10\/1152235052_2.webp 2000w\" sizes=\"auto, (max-width: 300px) 100vw, 300px\" \/><\/p>\n","protected":false},"excerpt":{"rendered":"<p>OGLEK\u013cA Shedras trokssh\u0146a sl\u0101p\u012bt\u0101JS DSL2 36x150mm Zaoul\u0161 Galvenocar no Oglek\u00f2a trok\u0161\u0146a sl\u0101p\u0101t\u0101v. Trokssh\u0146a sl\u0101p\u012bt\u0101da gals ir Izgavatots nav alum\u012bnija ar 14 mm ccw Pavedienu CNC. Core Airsoft Italy ir Uz\u0146ieMums, Neatarieli no T\u0101, vai taka Augstas Qualit\u0101 ir aurokija deta\u013ca Gan Laika, Gan GBB Kopij\u0101m. Pla\u0161ai Kr\u0101su diapazons un Gandriz Katra elementi Esp\u0113ja ir apmierinosh tradicionalajiemim airsoft un iarmsoft cien\u012btejiem. Izminantojot ir Pilnibai izstr\u0101vas un razhotas it\u0101lija.<\/p>\n","protected":false},"featured_media":130131,"template":"","meta":{"_acf_changed":false},"product_brand":[],"product_cat":[1113],"product_tag":[],"class_list":{"0":"post-138226","1":"product","2":"type-product","3":"status-publish","4":"has-post-thumbnail","6":"product_cat-troksna-slapetaji","8":"first","9":"instock","10":"taxable","11":"shipping-taxable","12":"purchasable","13":"product-type-simple"},"acf":[],"_links":{"self":[{"href":"https:\/\/kingarms.ee\/lv\/wp-json\/wp\/v2\/product\/138226","targetHints":{"allow":["GET"]}}],"collection":[{"href":"https:\/\/kingarms.ee\/lv\/wp-json\/wp\/v2\/product"}],"about":[{"href":"https:\/\/kingarms.ee\/lv\/wp-json\/wp\/v2\/types\/product"}],"wp:featuredmedia":[{"embeddable":true,"href":"https:\/\/kingarms.ee\/lv\/wp-json\/wp\/v2\/media\/130131"}],"wp:attachment":[{"href":"https:\/\/kingarms.ee\/lv\/wp-json\/wp\/v2\/media?parent=138226"}],"wp:term":[{"taxonomy":"product_brand","embeddable":true,"href":"https:\/\/kingarms.ee\/lv\/wp-json\/wp\/v2\/product_brand?post=138226"},{"taxonomy":"product_cat","embeddable":true,"href":"https:\/\/kingarms.ee\/lv\/wp-json\/wp\/v2\/product_cat?post=138226"},{"taxonomy":"product_tag","embeddable":true,"href":"https:\/\/kingarms.ee\/lv\/wp-json\/wp\/v2\/product_tag?post=138226"}],"curies":[{"name":"wp","href":"https:\/\/api.w.org\/{rel}","templated":true}]}}