{"id":138231,"date":"2023-10-10T14:32:09","date_gmt":"2024-11-23T13:20:21","guid":{"rendered":"https:\/\/kingarms.ee\/product\/oglekla-s%d0%baietda-troxhna-slapatajs-30x150mm-zils\/"},"modified":"2025-08-03T15:39:36","modified_gmt":"2025-08-03T12:39:36","slug":"susss-fiber-mumy-30x150mm-blue","status":"publish","type":"product","link":"https:\/\/kingarms.ee\/lv\/product\/susss-fiber-mumy-30x150mm-blue\/","title":{"rendered":"OGLEK\u013cA \u0160\u043aIETDA TROXH\u0146A Slapatajs 30x150mm Zils"},"content":{"rendered":"<p><img loading=\"lazy\" decoding=\"async\" class=\"alignnone size-medium wp-image-81680\" src=\"https:\/\/kingarms.ee\/wp-content\/uploads\/2023\/10\/1152235054_2-300x200.webp\" alt=\"\" width=\"300\" height=\"200\" srcset=\"https:\/\/kingarms.ee\/wp-content\/uploads\/2023\/10\/1152235054_2-300x200.webp 300w, https:\/\/kingarms.ee\/wp-content\/uploads\/2023\/10\/1152235054_2-1024x682.webp 1024w, https:\/\/kingarms.ee\/wp-content\/uploads\/2023\/10\/1152235054_2-768x512.webp 768w, https:\/\/kingarms.ee\/wp-content\/uploads\/2023\/10\/1152235054_2-1536x1024.webp 1536w, https:\/\/kingarms.ee\/wp-content\/uploads\/2023\/10\/1152235054_2-500x333.webp 500w, https:\/\/kingarms.ee\/wp-content\/uploads\/2023\/10\/1152235054_2-150x100.webp 150w, https:\/\/kingarms.ee\/wp-content\/uploads\/2023\/10\/1152235054_2.webp 2000w\" sizes=\"auto, (max-width: 300px) 100vw, 300px\" \/><\/p>\n","protected":false},"excerpt":{"rendered":"<p>OGLEKLET Sharsa Troxh\u0146a Slapatajs 30x150mm Zil\u0101 Kr\u0101s\u0101 Kr\u0101s\u0101 Galvenok\u0101rt OgleK\u00f2a Strange Trokshans slraup\u0101tjs. Trokssh\u0146a sl\u0101p\u012bt\u0101da gals ir Izgavatots nav alum\u012bnija ar 14 mm ccw Pavedienu CNC. Core Airsoft Italy ir Uz\u0146iemums, Neatariel no T\u0101, vai taka Augstas Qualit\u0101 ir aurokija detula gan laika, gan gbb Kopij\u0101m. Pla\u0161ai Kr\u0101su diapazons un Gandriz Katra elements Esp\u0113ja ir apmierinosh tradicionalajiemims airsoft un iamsoft cien\u012btejiem. IzminantoJot ir pilnibai izstr\u0101vas un razhotas it\u0101lija.<\/p>\n","protected":false},"featured_media":130115,"template":"","meta":{"_acf_changed":false},"product_brand":[],"product_cat":[1113],"product_tag":[],"class_list":{"0":"post-138231","1":"product","2":"type-product","3":"status-publish","4":"has-post-thumbnail","6":"product_cat-troksna-slapetaji","8":"first","9":"instock","10":"taxable","11":"shipping-taxable","12":"purchasable","13":"product-type-simple"},"acf":[],"_links":{"self":[{"href":"https:\/\/kingarms.ee\/lv\/wp-json\/wp\/v2\/product\/138231","targetHints":{"allow":["GET"]}}],"collection":[{"href":"https:\/\/kingarms.ee\/lv\/wp-json\/wp\/v2\/product"}],"about":[{"href":"https:\/\/kingarms.ee\/lv\/wp-json\/wp\/v2\/types\/product"}],"wp:featuredmedia":[{"embeddable":true,"href":"https:\/\/kingarms.ee\/lv\/wp-json\/wp\/v2\/media\/130115"}],"wp:attachment":[{"href":"https:\/\/kingarms.ee\/lv\/wp-json\/wp\/v2\/media?parent=138231"}],"wp:term":[{"taxonomy":"product_brand","embeddable":true,"href":"https:\/\/kingarms.ee\/lv\/wp-json\/wp\/v2\/product_brand?post=138231"},{"taxonomy":"product_cat","embeddable":true,"href":"https:\/\/kingarms.ee\/lv\/wp-json\/wp\/v2\/product_cat?post=138231"},{"taxonomy":"product_tag","embeddable":true,"href":"https:\/\/kingarms.ee\/lv\/wp-json\/wp\/v2\/product_tag?post=138231"}],"curies":[{"name":"wp","href":"https:\/\/api.w.org\/{rel}","templated":true}]}}