{"id":138241,"date":"2023-10-10T14:24:01","date_gmt":"2024-11-23T13:30:47","guid":{"rendered":"https:\/\/kingarms.ee\/product\/oglekla-skiedas-troksna-slapatati-30x150mm-zelts\/"},"modified":"2025-08-03T15:41:48","modified_gmt":"2025-08-03T12:41:48","slug":"susinikkiust-summuti-30x150mm-gold","status":"publish","type":"product","link":"https:\/\/kingarms.ee\/lv\/product\/susinikkiust-summuti-30x150mm-gold\/","title":{"rendered":"Oglek\u013ca \u0160\u0137iedas trok\u0161\u0146a sl\u0101p\u0101t\u0101ti 30x150mm Zelts"},"content":{"rendered":"<p><img loading=\"lazy\" decoding=\"async\" class=\"alignnone size-medium wp-image-81651\" src=\"https:\/\/kingarms.ee\/wp-content\/uploads\/2023\/10\/1152235057_2-300x200.webp\" alt=\"\" width=\"300\" height=\"200\" srcset=\"https:\/\/kingarms.ee\/wp-content\/uploads\/2023\/10\/1152235057_2-300x200.webp 300w, https:\/\/kingarms.ee\/wp-content\/uploads\/2023\/10\/1152235057_2-1024x682.webp 1024w, https:\/\/kingarms.ee\/wp-content\/uploads\/2023\/10\/1152235057_2-768x512.webp 768w, https:\/\/kingarms.ee\/wp-content\/uploads\/2023\/10\/1152235057_2-1536x1024.webp 1536w, https:\/\/kingarms.ee\/wp-content\/uploads\/2023\/10\/1152235057_2-500x333.webp 500w, https:\/\/kingarms.ee\/wp-content\/uploads\/2023\/10\/1152235057_2-150x100.webp 150w, https:\/\/kingarms.ee\/wp-content\/uploads\/2023\/10\/1152235057_2.webp 2000w\" sizes=\"auto, (max-width: 300px) 100vw, 300px\" \/><\/p>\n","protected":false},"excerpt":{"rendered":"<p>OGLEK\u00f2a Shanning \u0160 To Trokssh\u0146a Sl\u0101p\u012btAJS 30&#215;150 mm Zelta Galvenokari Oggellet sve\u0161inieki trokssh\u0146a sl\u0101p\u0101t\u0101ti. Trokssh\u0146a sl\u0101p\u012bt\u0101da gals ir Izgavatots nav alum\u012bnija ar 14 mm ccw Pavedienu CNC. Core Airsoft Italy ir Uz\u0146ieMums, Neatarieli no T\u0101, vai taka Augstas Qualit\u0101 ir aurokija deta\u013ca Gan Laika, Gan GBB Kopij\u0101m. Pla\u0161ai Kr\u0101su diapazons un Gandriz Katra elementi Esp\u0113ja ir apmierinosh tradicionalajiemim airsoft un iarmsoft cien\u012btejiem. Izminantojot ir Pilnibai izstr\u0101vas un razhotas it\u0101lija.<\/p>\n","protected":false},"featured_media":130099,"template":"","meta":{"_acf_changed":false},"product_brand":[],"product_cat":[1113],"product_tag":[],"class_list":{"0":"post-138241","1":"product","2":"type-product","3":"status-publish","4":"has-post-thumbnail","6":"product_cat-troksna-slapetaji","8":"first","9":"instock","10":"taxable","11":"shipping-taxable","12":"purchasable","13":"product-type-simple"},"acf":[],"_links":{"self":[{"href":"https:\/\/kingarms.ee\/lv\/wp-json\/wp\/v2\/product\/138241","targetHints":{"allow":["GET"]}}],"collection":[{"href":"https:\/\/kingarms.ee\/lv\/wp-json\/wp\/v2\/product"}],"about":[{"href":"https:\/\/kingarms.ee\/lv\/wp-json\/wp\/v2\/types\/product"}],"wp:featuredmedia":[{"embeddable":true,"href":"https:\/\/kingarms.ee\/lv\/wp-json\/wp\/v2\/media\/130099"}],"wp:attachment":[{"href":"https:\/\/kingarms.ee\/lv\/wp-json\/wp\/v2\/media?parent=138241"}],"wp:term":[{"taxonomy":"product_brand","embeddable":true,"href":"https:\/\/kingarms.ee\/lv\/wp-json\/wp\/v2\/product_brand?post=138241"},{"taxonomy":"product_cat","embeddable":true,"href":"https:\/\/kingarms.ee\/lv\/wp-json\/wp\/v2\/product_cat?post=138241"},{"taxonomy":"product_tag","embeddable":true,"href":"https:\/\/kingarms.ee\/lv\/wp-json\/wp\/v2\/product_tag?post=138241"}],"curies":[{"name":"wp","href":"https:\/\/api.w.org\/{rel}","templated":true}]}}