{"id":138242,"date":"2022-04-11T15:40:23","date_gmt":"2024-11-23T13:30:48","guid":{"rendered":"https:\/\/kingarms.ee\/product\/gorka-uzvalka-digitala-flora\/"},"modified":"2024-11-23T16:30:48","modified_gmt":"2024-11-23T13:30:48","slug":"gorka-suit-digital-flora","status":"publish","type":"product","link":"https:\/\/kingarms.ee\/lv\/product\/gorka-suit-digital-flora\/","title":{"rendered":"Gorka uzvalka digit\u0101l\u0101 flora"},"content":{"rendered":"","protected":false},"excerpt":{"rendered":"<p>Gorka uzvalka digit\u0101l\u0101 flora<\/p>\n<p>1 x iebruc\u0113ju p\u0101rnesumu taktiskais piln\u012bgs vienveid\u012bgs Gorka modelis.<\/p>\n<p>\u0160\u012b mask\u0113\u0161an\u0101s, ko izmanto armijas, ir izgatavota no kokvilnas, \u013coti \u0113rta un daudzpus\u012bga. Tam ir daudz kabatas, ieskaitot 2 uz kr\u016bt\u012bm un 2 uz biksju cilp\u0101m, lai dotos uz darbu zem formas t\u0113rpa (tiek izmantots ar\u012b un galvenok\u0101rt k\u0101 m\u0113telis) Appuse<br \/>\nApr\u012bkots ar elast\u012bbu v\u0113der\u0101 un jostasviet\u0101 tas ir \u0101rk\u0101rt\u012bgi piel\u0101gojams.<\/p>\n<p>Pieg\u0101des svars: 1,4 kg<\/p>\n","protected":false},"featured_media":116505,"template":"","meta":{"_acf_changed":false},"product_brand":[],"product_cat":[1073],"product_tag":[],"class_list":{"0":"post-138242","1":"product","2":"type-product","3":"status-publish","4":"has-post-thumbnail","6":"product_cat-kopas","8":"first","9":"instock","10":"taxable","11":"shipping-taxable","12":"purchasable","13":"product-type-variable","14":"has-default-attributes"},"acf":[],"_links":{"self":[{"href":"https:\/\/kingarms.ee\/lv\/wp-json\/wp\/v2\/product\/138242","targetHints":{"allow":["GET"]}}],"collection":[{"href":"https:\/\/kingarms.ee\/lv\/wp-json\/wp\/v2\/product"}],"about":[{"href":"https:\/\/kingarms.ee\/lv\/wp-json\/wp\/v2\/types\/product"}],"wp:featuredmedia":[{"embeddable":true,"href":"https:\/\/kingarms.ee\/lv\/wp-json\/wp\/v2\/media\/116505"}],"wp:attachment":[{"href":"https:\/\/kingarms.ee\/lv\/wp-json\/wp\/v2\/media?parent=138242"}],"wp:term":[{"taxonomy":"product_brand","embeddable":true,"href":"https:\/\/kingarms.ee\/lv\/wp-json\/wp\/v2\/product_brand?post=138242"},{"taxonomy":"product_cat","embeddable":true,"href":"https:\/\/kingarms.ee\/lv\/wp-json\/wp\/v2\/product_cat?post=138242"},{"taxonomy":"product_tag","embeddable":true,"href":"https:\/\/kingarms.ee\/lv\/wp-json\/wp\/v2\/product_tag?post=138242"}],"curies":[{"name":"wp","href":"https:\/\/api.w.org\/{rel}","templated":true}]}}