{"id":138250,"date":"2023-10-10T13:28:18","date_gmt":"2024-11-23T13:35:26","guid":{"rendered":"https:\/\/kingarms.ee\/product\/gbb-301-dubulta-zvans\/"},"modified":"2025-08-03T15:42:49","modified_gmt":"2025-08-03T12:42:49","slug":"gbb-301double-bell","status":"publish","type":"product","link":"https:\/\/kingarms.ee\/lv\/product\/gbb-301double-bell\/","title":{"rendered":"GBB 301 (Dubult\u0101 ZVANS)"},"content":{"rendered":"<p><img loading=\"lazy\" decoding=\"async\" class=\"alignnone size-medium wp-image-81604\" src=\"https:\/\/kingarms.ee\/wp-content\/uploads\/2023\/10\/1152228050_1-300x200.webp\" alt=\"\" width=\"300\" height=\"200\" srcset=\"https:\/\/kingarms.ee\/wp-content\/uploads\/2023\/10\/1152228050_1-300x200.webp 300w, https:\/\/kingarms.ee\/wp-content\/uploads\/2023\/10\/1152228050_1-1024x682.webp 1024w, https:\/\/kingarms.ee\/wp-content\/uploads\/2023\/10\/1152228050_1-768x512.webp 768w, https:\/\/kingarms.ee\/wp-content\/uploads\/2023\/10\/1152228050_1-1536x1024.webp 1536w, https:\/\/kingarms.ee\/wp-content\/uploads\/2023\/10\/1152228050_1-500x333.webp 500w, https:\/\/kingarms.ee\/wp-content\/uploads\/2023\/10\/1152228050_1-150x100.webp 150w, https:\/\/kingarms.ee\/wp-content\/uploads\/2023\/10\/1152228050_1.webp 2000w\" sizes=\"auto, (max-width: 300px) 100vw, 300px\" \/><\/p>\n","protected":false},"excerpt":{"rendered":"<p>Pla\u0161a Izgavatotu Augstas Qualitawa Metalu un polim\u0113ru, tika izmatota GBB 301 (Dubult\u0101 ZVans) Za\u013c\u0101s Gahanes pistole 301 \u012apashuma aktievi. Piel\u0101gots Bluok\u0101ns Ungresiiis Ramja Ramis Padara jujujujujujujujujujujujujujujujujujujujujujujujujujujujujujujujujujujujujujujujujujujujuututututut \u012bsututututut \u012bsutututututut \u012bsainainainainainainainainainainainainainainainainainainainainainainainainainainainainainainainainainainainainonaain p\u0101rain p\u0101rhh p\u0101rh virsh p\u0101ri p\u0101rh p\u0101riain virs p\u0101rin\u0101 strauusainain virsainainainainainainainainain virs virs virs virs virs virsainainainededikeded virsedainededain virsedarainededarar virsededaineded virs virs virseded virs virs virs virs virsum virs virs virsum virs virs virs virs virs virs virs virs virsededed virsain virs virs virs virs virs virs virs virs virs virsumumumgriezum augst redz augst redz augstverver ar\u012b ar\u012b ar\u012b ar\u012b ar\u012b ar\u012b ar\u012b ar\u012b ar\u012b ar\u012b ar\u012b ar\u012b ar\u012b ar\u012b ar\u012b ar\u012b ar\u012b ar\u012b ar\u012b ar\u012b ar\u012b ar\u012b ar\u012b ar\u012b ar\u012b ar\u012b ar\u012b ar\u012b ar\u012b ar\u012b ar\u012b ar\u012b ar\u012b ar\u012b ar\u012b ar\u012b ar\u012b ar\u012b ar\u012b ar\u012b ar\u012b ar\u012b ar\u012b ar\u012b ar\u012b ar\u012b ar\u012b ar\u012b ar\u012b ar\u012b ar\u012b ar\u012b ar\u012b ar\u012b ar\u012b ar\u012b ar\u012b ar\u012b ar\u012b ar\u012b ar\u012b ar\u012b, aug Polim\u0113ra r\u0101mim ir 22 mm ris-sinusa luktur\u012btis vai larbers. Pistolei ir regul\u0101ras apii\u0146u sistrew vai pishister jums liebelaku Uzman\u012bbu un apjomu. Ir Iesai\u0146es Estethiska P\u0101rvad\u0101n kaste. Iestatiet Ietilpst: &#8211; \u012apashums<br \/>\n&#8211; Zieda<br \/>\n&#8211; Sprausla<br \/>\n&#8211; Ramrod<br \/>\n&#8211; P\u0101vajiet M\u0113rci<\/p>\n","protected":false},"featured_media":130065,"template":"","meta":{"_acf_changed":false},"product_brand":[],"product_cat":[999,1000],"product_tag":[],"class_list":{"0":"post-138250","1":"product","2":"type-product","3":"status-publish","4":"has-post-thumbnail","6":"product_cat-airsoft-ieroci","7":"product_cat-rokas-pistoles","9":"first","10":"onbackorder","11":"taxable","12":"shipping-taxable","13":"product-type-simple"},"acf":[],"_links":{"self":[{"href":"https:\/\/kingarms.ee\/lv\/wp-json\/wp\/v2\/product\/138250","targetHints":{"allow":["GET"]}}],"collection":[{"href":"https:\/\/kingarms.ee\/lv\/wp-json\/wp\/v2\/product"}],"about":[{"href":"https:\/\/kingarms.ee\/lv\/wp-json\/wp\/v2\/types\/product"}],"wp:featuredmedia":[{"embeddable":true,"href":"https:\/\/kingarms.ee\/lv\/wp-json\/wp\/v2\/media\/130065"}],"wp:attachment":[{"href":"https:\/\/kingarms.ee\/lv\/wp-json\/wp\/v2\/media?parent=138250"}],"wp:term":[{"taxonomy":"product_brand","embeddable":true,"href":"https:\/\/kingarms.ee\/lv\/wp-json\/wp\/v2\/product_brand?post=138250"},{"taxonomy":"product_cat","embeddable":true,"href":"https:\/\/kingarms.ee\/lv\/wp-json\/wp\/v2\/product_cat?post=138250"},{"taxonomy":"product_tag","embeddable":true,"href":"https:\/\/kingarms.ee\/lv\/wp-json\/wp\/v2\/product_tag?post=138250"}],"curies":[{"name":"wp","href":"https:\/\/api.w.org\/{rel}","templated":true}]}}