{"id":138251,"date":"2023-09-16T10:27:30","date_gmt":"2023-09-16T07:27:30","guid":{"rendered":"https:\/\/kingarms.ee\/product\/saciet-pistoles-retay-g17-melnu\/"},"modified":"2025-08-03T16:04:46","modified_gmt":"2025-08-03T13:04:46","slug":"stardipustol-retay-g17-black","status":"publish","type":"product","link":"https:\/\/kingarms.ee\/lv\/product\/stardipustol-retay-g17-black\/","title":{"rendered":"S\u0101ciet pistoles retay g17 melnu"},"content":{"rendered":"<p><img loading=\"lazy\" decoding=\"async\" class=\"alignnone size-full wp-image-80756\" src=\"https:\/\/kingarms.ee\/wp-content\/uploads\/2023\/09\/1-111.jpg\" alt=\"\" width=\"591\" height=\"591\" srcset=\"https:\/\/kingarms.ee\/wp-content\/uploads\/2023\/09\/1-111.jpg 591w, https:\/\/kingarms.ee\/wp-content\/uploads\/2023\/09\/1-111-300x300.jpg 300w, https:\/\/kingarms.ee\/wp-content\/uploads\/2023\/09\/1-111-150x150.jpg 150w, https:\/\/kingarms.ee\/wp-content\/uploads\/2023\/09\/1-111-500x500.jpg 500w\" sizes=\"auto, (max-width: 591px) 100vw, 591px\" \/><\/p>\n","protected":false},"excerpt":{"rendered":"<p>SAKOT AR PISTOLES RETOLE G17 MELNO RETAY G17 ir Pasaudes -pazi patitama Glock 17 Daveji -auto -automatisk\u0101 pistoles Kopija. T\u0101pat k\u0101 orin\u0101tlam, retay g17 ir polim\u0113ru r\u0101mis un ergonomiz\u0113 dizains. Mont\u0101\u017eas\/Demont\u0101\u017eas process ir argrarghgi Vienk\u0101r\u0161s, Illeujot Ero\u010dam Bez Piep\u016bles nota un el. Kalibri 9mm p.a.k<br \/>\nPapl\u0101tes Sejums 14+1<\/p>\n","protected":false},"featured_media":152531,"template":"","meta":{"_acf_changed":false},"product_brand":[],"product_cat":[1010],"product_tag":[],"class_list":{"0":"post-138251","1":"product","2":"type-product","3":"status-publish","4":"has-post-thumbnail","6":"product_cat-starta-pistoles","8":"first","9":"instock","10":"taxable","11":"shipping-taxable","12":"purchasable","13":"product-type-simple"},"acf":[],"_links":{"self":[{"href":"https:\/\/kingarms.ee\/lv\/wp-json\/wp\/v2\/product\/138251","targetHints":{"allow":["GET"]}}],"collection":[{"href":"https:\/\/kingarms.ee\/lv\/wp-json\/wp\/v2\/product"}],"about":[{"href":"https:\/\/kingarms.ee\/lv\/wp-json\/wp\/v2\/types\/product"}],"wp:featuredmedia":[{"embeddable":true,"href":"https:\/\/kingarms.ee\/lv\/wp-json\/wp\/v2\/media\/152531"}],"wp:attachment":[{"href":"https:\/\/kingarms.ee\/lv\/wp-json\/wp\/v2\/media?parent=138251"}],"wp:term":[{"taxonomy":"product_brand","embeddable":true,"href":"https:\/\/kingarms.ee\/lv\/wp-json\/wp\/v2\/product_brand?post=138251"},{"taxonomy":"product_cat","embeddable":true,"href":"https:\/\/kingarms.ee\/lv\/wp-json\/wp\/v2\/product_cat?post=138251"},{"taxonomy":"product_tag","embeddable":true,"href":"https:\/\/kingarms.ee\/lv\/wp-json\/wp\/v2\/product_tag?post=138251"}],"curies":[{"name":"wp","href":"https:\/\/api.w.org\/{rel}","templated":true}]}}