{"id":138261,"date":"2023-09-13T11:24:44","date_gmt":"2024-11-23T15:02:47","guid":{"rendered":"https:\/\/kingarms.ee\/product\/vz58m-vidu\/"},"modified":"2025-08-03T16:09:53","modified_gmt":"2025-08-03T13:09:53","slug":"vz58m-middle","status":"publish","type":"product","link":"https:\/\/kingarms.ee\/lv\/product\/vz58m-middle\/","title":{"rendered":"VZ58M Vid\u016b"},"content":{"rendered":"<p><img loading=\"lazy\" decoding=\"async\" class=\"alignnone size-medium wp-image-80610\" src=\"https:\/\/kingarms.ee\/wp-content\/uploads\/2023\/09\/ares-electric-rifle-vz58-middle-version-ar-vz58mm-300x300.jpg\" alt=\"\" width=\"300\" height=\"300\" srcset=\"https:\/\/kingarms.ee\/wp-content\/uploads\/2023\/09\/ares-electric-rifle-vz58-middle-version-ar-vz58mm-300x300.jpg 300w, https:\/\/kingarms.ee\/wp-content\/uploads\/2023\/09\/ares-electric-rifle-vz58-middle-version-ar-vz58mm-150x150.jpg 150w, https:\/\/kingarms.ee\/wp-content\/uploads\/2023\/09\/ares-electric-rifle-vz58-middle-version-ar-vz58mm-500x500.jpg 500w, https:\/\/kingarms.ee\/wp-content\/uploads\/2023\/09\/ares-electric-rifle-vz58-middle-version-ar-vz58mm.jpg 600w\" sizes=\"auto, (max-width: 300px) 100vw, 300px\" \/><\/p>\n","protected":false},"excerpt":{"rendered":"<p>VZ58M Vid\u0113jais Razot\u0101js Ares<\/p>\n<p>Padomi: Gul\u0113t<br \/>\nMater\u0101ni: Metali + Neilona Shiidra<br \/>\nGarumi: 45-830 mm (VZ58M-002)<br \/>\nSVARS: 3100G<br \/>\nUguns Degges: Programuws<br \/>\nPaplats Drop: 300 K\u0101rtridji (6 mm BB)<br \/>\nHop-up: Regulorejams<br \/>\nP\u0101rnesumk\u0101rbas Padomi: VZ58 P\u0101rnesumkarba (EFCS)<br \/>\nP\u0101rnesumk\u0101rbas materii: metalas<br \/>\nMotori: Motor ar lieelu griezes momentu<br \/>\nAnguma nroregul\u0113es\u0101nas sistrew (rvtstm): J\u0101<br \/>\nPadomi Padomi: 14ccw<\/p>\n","protected":false},"featured_media":129788,"template":"","meta":{"_acf_changed":false},"product_brand":[],"product_cat":[1001],"product_tag":[],"class_list":{"0":"post-138261","1":"product","2":"type-product","3":"status-publish","4":"has-post-thumbnail","6":"product_cat-tirdzniecibas-automati","8":"first","9":"instock","10":"sale","11":"taxable","12":"shipping-taxable","13":"purchasable","14":"product-type-simple"},"acf":[],"_links":{"self":[{"href":"https:\/\/kingarms.ee\/lv\/wp-json\/wp\/v2\/product\/138261","targetHints":{"allow":["GET"]}}],"collection":[{"href":"https:\/\/kingarms.ee\/lv\/wp-json\/wp\/v2\/product"}],"about":[{"href":"https:\/\/kingarms.ee\/lv\/wp-json\/wp\/v2\/types\/product"}],"wp:featuredmedia":[{"embeddable":true,"href":"https:\/\/kingarms.ee\/lv\/wp-json\/wp\/v2\/media\/129788"}],"wp:attachment":[{"href":"https:\/\/kingarms.ee\/lv\/wp-json\/wp\/v2\/media?parent=138261"}],"wp:term":[{"taxonomy":"product_brand","embeddable":true,"href":"https:\/\/kingarms.ee\/lv\/wp-json\/wp\/v2\/product_brand?post=138261"},{"taxonomy":"product_cat","embeddable":true,"href":"https:\/\/kingarms.ee\/lv\/wp-json\/wp\/v2\/product_cat?post=138261"},{"taxonomy":"product_tag","embeddable":true,"href":"https:\/\/kingarms.ee\/lv\/wp-json\/wp\/v2\/product_tag?post=138261"}],"curies":[{"name":"wp","href":"https:\/\/api.w.org\/{rel}","templated":true}]}}