{"id":138276,"date":"2022-01-28T12:39:43","date_gmt":"2024-11-25T10:17:13","guid":{"rendered":"https:\/\/kingarms.ee\/product\/led-lukturitis-ortex\/"},"modified":"2024-11-25T13:17:13","modified_gmt":"2024-11-25T10:17:13","slug":"led-kabatas-lampu-organe","status":"publish","type":"product","link":"https:\/\/kingarms.ee\/lv\/product\/led-kabatas-lampu-organe\/","title":{"rendered":"LED luktur\u012btis (Ortex)"},"content":{"rendered":"<p><img loading=\"lazy\" decoding=\"async\" class=\"alignnone size-medium wp-image-36043\" src=\"https:\/\/kingarms.ee\/wp-content\/uploads\/2022\/01\/272233171_2472751789525599_3624692150916977245_n-300x225.jpeg\" alt=\"\" width=\"300\" height=\"225\" srcset=\"https:\/\/kingarms.ee\/wp-content\/uploads\/2022\/01\/272233171_2472751789525599_3624692150916977245_n-rotated-300x225.jpeg 300w, https:\/\/kingarms.ee\/wp-content\/uploads\/2022\/01\/272233171_2472751789525599_3624692150916977245_n-rotated-150x113.jpeg 150w, https:\/\/kingarms.ee\/wp-content\/uploads\/2022\/01\/272233171_2472751789525599_3624692150916977245_n-rotated-500x375.jpeg 500w, https:\/\/kingarms.ee\/wp-content\/uploads\/2022\/01\/272233171_2472751789525599_3624692150916977245_n-1024x768.jpeg 1024w, https:\/\/kingarms.ee\/wp-content\/uploads\/2022\/01\/272233171_2472751789525599_3624692150916977245_n-768x576.jpeg 768w, https:\/\/kingarms.ee\/wp-content\/uploads\/2022\/01\/272233171_2472751789525599_3624692150916977245_n-1536x1152.jpeg 1536w, https:\/\/kingarms.ee\/wp-content\/uploads\/2022\/01\/272233171_2472751789525599_3624692150916977245_n-600x450.jpeg 600w, https:\/\/kingarms.ee\/wp-content\/uploads\/2022\/01\/272233171_2472751789525599_3624692150916977245_n-rotated.jpeg 2048w\" sizes=\"auto, (max-width: 300px) 100vw, 300px\" \/><\/p>\n","protected":false},"excerpt":{"rendered":"<p>LED luktur\u012btis (Ortex)<\/p>\n<p>Jaud\u012bgais LED luktur\u012btis ir izgatavots no alum\u012bnija.<\/p>\n<p>Luktur\u012bti var iel\u0101d\u0113t no spraud\u0146a.<\/p>\n<p>Pieg\u0101d\u0101ts ar akumulatoru un l\u0101d\u0113t\u0101ju.<\/p>\n<p>LED jaudas 1800 l\u016bmeni<\/p>\n<p>Garums 16,5 cm<\/p>\n","protected":false},"featured_media":115107,"template":"","meta":{"_acf_changed":false},"product_brand":[],"product_cat":[1121],"product_tag":[],"class_list":{"0":"post-138276","1":"product","2":"type-product","3":"status-publish","4":"has-post-thumbnail","6":"product_cat-airsoft-lukturisi","8":"first","9":"instock","10":"taxable","11":"shipping-taxable","12":"purchasable","13":"product-type-simple"},"acf":[],"_links":{"self":[{"href":"https:\/\/kingarms.ee\/lv\/wp-json\/wp\/v2\/product\/138276","targetHints":{"allow":["GET"]}}],"collection":[{"href":"https:\/\/kingarms.ee\/lv\/wp-json\/wp\/v2\/product"}],"about":[{"href":"https:\/\/kingarms.ee\/lv\/wp-json\/wp\/v2\/types\/product"}],"wp:featuredmedia":[{"embeddable":true,"href":"https:\/\/kingarms.ee\/lv\/wp-json\/wp\/v2\/media\/115107"}],"wp:attachment":[{"href":"https:\/\/kingarms.ee\/lv\/wp-json\/wp\/v2\/media?parent=138276"}],"wp:term":[{"taxonomy":"product_brand","embeddable":true,"href":"https:\/\/kingarms.ee\/lv\/wp-json\/wp\/v2\/product_brand?post=138276"},{"taxonomy":"product_cat","embeddable":true,"href":"https:\/\/kingarms.ee\/lv\/wp-json\/wp\/v2\/product_cat?post=138276"},{"taxonomy":"product_tag","embeddable":true,"href":"https:\/\/kingarms.ee\/lv\/wp-json\/wp\/v2\/product_tag?post=138276"}],"curies":[{"name":"wp","href":"https:\/\/api.w.org\/{rel}","templated":true}]}}