{"id":138309,"date":"2022-01-07T16:32:14","date_gmt":"2024-11-25T13:08:20","guid":{"rendered":"https:\/\/kingarms.ee\/product\/ierocu-soma-rokas-pistole-28-cm-multicam\/"},"modified":"2024-11-25T16:08:20","modified_gmt":"2024-11-25T13:08:20","slug":"ierocu-krasta-parnesumkarba-28cm-multikams","status":"publish","type":"product","link":"https:\/\/kingarms.ee\/lv\/product\/ierocu-krasta-parnesumkarba-28cm-multikams\/","title":{"rendered":"Iero\u010du soma &#8211; rokas pistole (28 cm multicam)"},"content":{"rendered":"<p><img loading=\"lazy\" decoding=\"async\" class=\"alignnone size-medium wp-image-34655\" src=\"https:\/\/kingarms.ee\/wp-content\/uploads\/2022\/01\/wyposazenie-taktyczne-pokrowce-na-bron-pokrowiec-na-pistolet-28cm-multicamo-pj-12496131-300x225.jpeg\" alt=\"\" width=\"300\" height=\"225\" srcset=\"https:\/\/kingarms.ee\/wp-content\/uploads\/2022\/01\/wyposazenie-taktyczne-pokrowce-na-bron-pokrowiec-na-pistolet-28cm-multicamo-pj-12496131-300x225.jpeg 300w, https:\/\/kingarms.ee\/wp-content\/uploads\/2022\/01\/wyposazenie-taktyczne-pokrowce-na-bron-pokrowiec-na-pistolet-28cm-multicamo-pj-12496131-150x113.jpeg 150w, https:\/\/kingarms.ee\/wp-content\/uploads\/2022\/01\/wyposazenie-taktyczne-pokrowce-na-bron-pokrowiec-na-pistolet-28cm-multicamo-pj-12496131-500x375.jpeg 500w, https:\/\/kingarms.ee\/wp-content\/uploads\/2022\/01\/wyposazenie-taktyczne-pokrowce-na-bron-pokrowiec-na-pistolet-28cm-multicamo-pj-12496131-600x450.jpeg 600w, https:\/\/kingarms.ee\/wp-content\/uploads\/2022\/01\/wyposazenie-taktyczne-pokrowce-na-bron-pokrowiec-na-pistolet-28cm-multicamo-pj-12496131.jpeg 640w\" sizes=\"auto, (max-width: 300px) 100vw, 300px\" \/><\/p>\n","protected":false},"excerpt":{"rendered":"<p>Iero\u010du soma &#8211; rokas pistole (28 cm multicam) \u016bdensnecaurlaid\u012bga Oksfordas auduma un putu polstoles pistoles maisa. Tam ir 28 cm galven\u0101 atvilktne ar r\u0101v\u0113jsl\u0113dz\u0113ju kabat\u0101, 5 elast\u012bgas cilpas papl\u0101t\u0113m un Burdock panelis no \u0101rpuses.<\/p>\n","protected":false},"featured_media":114789,"template":"","meta":{"_acf_changed":false},"product_brand":[],"product_cat":[1098,1103,1059],"product_tag":[],"class_list":{"0":"post-138309","1":"product","2":"type-product","3":"status-publish","4":"has-post-thumbnail","6":"product_cat-maisini-somas-un-siksnas","7":"product_cat-somas-lv","8":"product_cat-somas","10":"first","11":"instock","12":"taxable","13":"shipping-taxable","14":"purchasable","15":"product-type-simple"},"acf":[],"_links":{"self":[{"href":"https:\/\/kingarms.ee\/lv\/wp-json\/wp\/v2\/product\/138309","targetHints":{"allow":["GET"]}}],"collection":[{"href":"https:\/\/kingarms.ee\/lv\/wp-json\/wp\/v2\/product"}],"about":[{"href":"https:\/\/kingarms.ee\/lv\/wp-json\/wp\/v2\/types\/product"}],"wp:featuredmedia":[{"embeddable":true,"href":"https:\/\/kingarms.ee\/lv\/wp-json\/wp\/v2\/media\/114789"}],"wp:attachment":[{"href":"https:\/\/kingarms.ee\/lv\/wp-json\/wp\/v2\/media?parent=138309"}],"wp:term":[{"taxonomy":"product_brand","embeddable":true,"href":"https:\/\/kingarms.ee\/lv\/wp-json\/wp\/v2\/product_brand?post=138309"},{"taxonomy":"product_cat","embeddable":true,"href":"https:\/\/kingarms.ee\/lv\/wp-json\/wp\/v2\/product_cat?post=138309"},{"taxonomy":"product_tag","embeddable":true,"href":"https:\/\/kingarms.ee\/lv\/wp-json\/wp\/v2\/product_tag?post=138309"}],"curies":[{"name":"wp","href":"https:\/\/api.w.org\/{rel}","templated":true}]}}