{"id":140411,"date":"2024-12-06T16:40:00","date_gmt":"2024-12-06T16:11:44","guid":{"rendered":"https:\/\/kingarms.ee\/product\/dekorativais-zobens-zs133-2\/"},"modified":"2025-08-02T14:51:28","modified_gmt":"2025-08-02T11:51:28","slug":"dekorativais-varda-zs133-2","status":"publish","type":"product","link":"https:\/\/kingarms.ee\/lv\/product\/dekorativais-varda-zs133-2\/","title":{"rendered":"Dekorat\u012bvais zobens (ZS133-2)"},"content":{"rendered":"<p>Dekorat\u012bvais zobens (ZS133-2)<\/p>\n<p>Dekorat\u012bvais zobens<br \/>\nIedvesmots no Dante sacel\u0161an\u0101s zobena<br \/>\nVelna May Cry s\u0113rija<br \/>\nT\u0113rauda asmens<br \/>\nKoka rokturis<br \/>\nMet\u0101la aizsargs un poga<br \/>\nKoka sienas stat\u012bva ir iek\u013cauta<br \/>\nL\u0101psti\u0146as garums 930mm<br \/>\nKop\u0113jais garums 1370 mm<br \/>\nSvars 2450g<\/p>\n<p>Neass un nav asin\u0101ts asmens, tikai dekorat\u012bviem nol\u016bkiem<\/p>\n","protected":false},"excerpt":{"rendered":"<p>Dekorat\u012bvais zobens (ZS133-2) Dekorat\u012bvais zobens Iedvesmots no Dante sacel\u0161an\u0101s zobena Velna May Cry s\u0113rija T\u0113rauda asmens Koka rokturis Met\u0101la aizsargs<\/p>\n","protected":false},"featured_media":139218,"template":"","meta":{"_acf_changed":false},"product_brand":[],"product_cat":[1105,1311],"product_tag":[],"class_list":{"0":"post-140411","1":"product","2":"type-product","3":"status-publish","4":"has-post-thumbnail","6":"product_cat-cits","7":"product_cat-zobeni","9":"first","10":"instock","11":"purchasable","12":"product-type-simple"},"acf":[],"_links":{"self":[{"href":"https:\/\/kingarms.ee\/lv\/wp-json\/wp\/v2\/product\/140411","targetHints":{"allow":["GET"]}}],"collection":[{"href":"https:\/\/kingarms.ee\/lv\/wp-json\/wp\/v2\/product"}],"about":[{"href":"https:\/\/kingarms.ee\/lv\/wp-json\/wp\/v2\/types\/product"}],"wp:featuredmedia":[{"embeddable":true,"href":"https:\/\/kingarms.ee\/lv\/wp-json\/wp\/v2\/media\/139218"}],"wp:attachment":[{"href":"https:\/\/kingarms.ee\/lv\/wp-json\/wp\/v2\/media?parent=140411"}],"wp:term":[{"taxonomy":"product_brand","embeddable":true,"href":"https:\/\/kingarms.ee\/lv\/wp-json\/wp\/v2\/product_brand?post=140411"},{"taxonomy":"product_cat","embeddable":true,"href":"https:\/\/kingarms.ee\/lv\/wp-json\/wp\/v2\/product_cat?post=140411"},{"taxonomy":"product_tag","embeddable":true,"href":"https:\/\/kingarms.ee\/lv\/wp-json\/wp\/v2\/product_tag?post=140411"}],"curies":[{"name":"wp","href":"https:\/\/api.w.org\/{rel}","templated":true}]}}