{"id":140417,"date":"2024-12-06T16:40:00","date_gmt":"2024-12-06T16:11:45","guid":{"rendered":"https:\/\/kingarms.ee\/product\/dekorativais-zobens-zs083\/"},"modified":"2025-08-02T14:53:47","modified_gmt":"2025-08-02T11:53:47","slug":"dekorativais-varda-zs083","status":"publish","type":"product","link":"https:\/\/kingarms.ee\/lv\/product\/dekorativais-varda-zs083\/","title":{"rendered":"Dekorat\u012bvais zobens (ZS083)"},"content":{"rendered":"<p>Dekorat\u012bvais zobens (ZS083)<\/p>\n<p>Dekorat\u012bv\u0101 fant\u0101zijas zobens<br \/>\nIedvesmojoties no Atlantijas zobena<br \/>\nFilmu s\u0113rija Conan Barbarian<br \/>\nT\u0113rauda asmens<br \/>\nMet\u0101la sargs<br \/>\nMet\u0101la rokturis<br \/>\nKoka sienas stat\u012bva ir iek\u013cauta<br \/>\nKop\u0113jais garums 990mm<br \/>\nAsmens garums 715 mm<br \/>\nSvars 2180g<\/p>\n<p>Neass un nav asin\u0101ts asmens, tikai dekorat\u012bviem nol\u016bkiem<\/p>\n","protected":false},"excerpt":{"rendered":"<p>Dekorat\u012bvais zobens (ZS083) Dekorat\u012bv\u0101 fant\u0101zijas zobens Iedvesmojoties no Atlantijas zobena Filmu s\u0113rija Conan Barbarian T\u0113rauda asmens Met\u0101la sargs Met\u0101la rokturis<\/p>\n","protected":false},"featured_media":139086,"template":"","meta":{"_acf_changed":false},"product_brand":[],"product_cat":[1105,1311],"product_tag":[],"class_list":{"0":"post-140417","1":"product","2":"type-product","3":"status-publish","4":"has-post-thumbnail","6":"product_cat-cits","7":"product_cat-zobeni","9":"first","10":"instock","11":"purchasable","12":"product-type-simple"},"acf":[],"_links":{"self":[{"href":"https:\/\/kingarms.ee\/lv\/wp-json\/wp\/v2\/product\/140417","targetHints":{"allow":["GET"]}}],"collection":[{"href":"https:\/\/kingarms.ee\/lv\/wp-json\/wp\/v2\/product"}],"about":[{"href":"https:\/\/kingarms.ee\/lv\/wp-json\/wp\/v2\/types\/product"}],"wp:featuredmedia":[{"embeddable":true,"href":"https:\/\/kingarms.ee\/lv\/wp-json\/wp\/v2\/media\/139086"}],"wp:attachment":[{"href":"https:\/\/kingarms.ee\/lv\/wp-json\/wp\/v2\/media?parent=140417"}],"wp:term":[{"taxonomy":"product_brand","embeddable":true,"href":"https:\/\/kingarms.ee\/lv\/wp-json\/wp\/v2\/product_brand?post=140417"},{"taxonomy":"product_cat","embeddable":true,"href":"https:\/\/kingarms.ee\/lv\/wp-json\/wp\/v2\/product_cat?post=140417"},{"taxonomy":"product_tag","embeddable":true,"href":"https:\/\/kingarms.ee\/lv\/wp-json\/wp\/v2\/product_tag?post=140417"}],"curies":[{"name":"wp","href":"https:\/\/api.w.org\/{rel}","templated":true}]}}