{"id":140423,"date":"2024-12-06T16:40:00","date_gmt":"2024-12-06T16:11:47","guid":{"rendered":"https:\/\/kingarms.ee\/product\/dekorativas-fantazijas-dunci-047cu\/"},"modified":"2025-08-02T14:55:20","modified_gmt":"2025-08-02T11:55:20","slug":"dekorativa-fantazija-daggers-047cu","status":"publish","type":"product","link":"https:\/\/kingarms.ee\/lv\/product\/dekorativa-fantazija-daggers-047cu\/","title":{"rendered":"Dekorat\u012bv\u0101s fant\u0101zijas dun\u010di (047cu)"},"content":{"rendered":"<p>Dekorat\u012bv\u0101s fant\u0101zijas dun\u010di (047cu)<\/p>\n<p>Dekorat\u012bv\u0101s fant\u0101zijas dun\u010di<br \/>\nLegolas no Gredzenu pav\u0113lnieka elfu dunci<br \/>\nT\u0113rauda asmens<br \/>\nPlastmasas kalna ar met\u0101la deta\u013c\u0101m<br \/>\nKoka \u0161\u0137embas, ko p\u0101rkl\u0101j ar \u0101du un ar met\u0101la deta\u013c\u0101m<br \/>\nKoka sienas stat\u012bva (iek\u013cautas mont\u0101\u017eas skr\u016bves) svars 800g<br \/>\nAsme\u0146i garum\u0101 39cm<br \/>\nKop\u0113jais garums 57cm (62 cm ar \u0137abi)<br \/>\nViena dun\u010da svars 390 g (670 g ar \u0137abi)<\/p>\n<p>Nav asina un neas asme\u0146i, tikai dekorat\u012bviem nol\u016bkiem<\/p>\n","protected":false},"excerpt":{"rendered":"<p>Dekorat\u012bv\u0101s fant\u0101zijas dun\u010di (047cu) Dekorat\u012bv\u0101s fant\u0101zijas dun\u010di Legolas no Gredzenu pav\u0113lnieka elfu dunci T\u0113rauda asmens Plastmasas kalna ar met\u0101la deta\u013c\u0101m<\/p>\n","protected":false},"featured_media":138822,"template":"","meta":{"_acf_changed":false},"product_brand":[],"product_cat":[1105,1311],"product_tag":[],"class_list":{"0":"post-140423","1":"product","2":"type-product","3":"status-publish","4":"has-post-thumbnail","6":"product_cat-cits","7":"product_cat-zobeni","9":"first","10":"instock","11":"purchasable","12":"product-type-simple"},"acf":[],"_links":{"self":[{"href":"https:\/\/kingarms.ee\/lv\/wp-json\/wp\/v2\/product\/140423","targetHints":{"allow":["GET"]}}],"collection":[{"href":"https:\/\/kingarms.ee\/lv\/wp-json\/wp\/v2\/product"}],"about":[{"href":"https:\/\/kingarms.ee\/lv\/wp-json\/wp\/v2\/types\/product"}],"wp:featuredmedia":[{"embeddable":true,"href":"https:\/\/kingarms.ee\/lv\/wp-json\/wp\/v2\/media\/138822"}],"wp:attachment":[{"href":"https:\/\/kingarms.ee\/lv\/wp-json\/wp\/v2\/media?parent=140423"}],"wp:term":[{"taxonomy":"product_brand","embeddable":true,"href":"https:\/\/kingarms.ee\/lv\/wp-json\/wp\/v2\/product_brand?post=140423"},{"taxonomy":"product_cat","embeddable":true,"href":"https:\/\/kingarms.ee\/lv\/wp-json\/wp\/v2\/product_cat?post=140423"},{"taxonomy":"product_tag","embeddable":true,"href":"https:\/\/kingarms.ee\/lv\/wp-json\/wp\/v2\/product_tag?post=140423"}],"curies":[{"name":"wp","href":"https:\/\/api.w.org\/{rel}","templated":true}]}}