{"id":140431,"date":"2024-12-06T16:39:41","date_gmt":"2024-12-06T16:44:18","guid":{"rendered":"https:\/\/kingarms.ee\/product\/dekorativa-fantazijas-zobens-034c\/"},"modified":"2025-08-02T15:00:39","modified_gmt":"2025-08-02T12:00:39","slug":"dekorativa-fantazija-varda-034c","status":"publish","type":"product","link":"https:\/\/kingarms.ee\/lv\/product\/dekorativa-fantazija-varda-034c\/","title":{"rendered":"Dekorat\u012bv\u0101 fant\u0101zijas zobens (034C)"},"content":{"rendered":"<p>Dekorat\u012bv\u0101 fant\u0101zijas zobens (034C)<\/p>\n<p>Dekorat\u012bv\u0101 fant\u0101zijas zobens<br \/>\nIedvesmojoties no Aragonas zobena no Gredzenu pav\u0113lnieka s\u0113rijas<br \/>\nLenght kopum\u0101 117cm<br \/>\nLenght Steel Blade 88cm<br \/>\nKomplekt\u0101 ar koka d\u0113li<\/p>\n<p>Neass un nav asin\u0101ts zobens, tikai dekorat\u012bvos nol\u016bkos<\/p>\n","protected":false},"excerpt":{"rendered":"<p>Dekorat\u012bv\u0101 fant\u0101zijas zobens (034C) Dekorat\u012bv\u0101 fant\u0101zijas zobens Iedvesmojoties no Aragonas zobena no Gredzenu pav\u0113lnieka s\u0113rijas Lenght kopum\u0101 117cm Lenght Steel<\/p>\n","protected":false},"featured_media":138810,"template":"","meta":{"_acf_changed":false},"product_brand":[],"product_cat":[1105,1311],"product_tag":[],"class_list":{"0":"post-140431","1":"product","2":"type-product","3":"status-publish","4":"has-post-thumbnail","6":"product_cat-cits","7":"product_cat-zobeni","9":"first","10":"instock","11":"purchasable","12":"product-type-simple"},"acf":[],"_links":{"self":[{"href":"https:\/\/kingarms.ee\/lv\/wp-json\/wp\/v2\/product\/140431","targetHints":{"allow":["GET"]}}],"collection":[{"href":"https:\/\/kingarms.ee\/lv\/wp-json\/wp\/v2\/product"}],"about":[{"href":"https:\/\/kingarms.ee\/lv\/wp-json\/wp\/v2\/types\/product"}],"wp:featuredmedia":[{"embeddable":true,"href":"https:\/\/kingarms.ee\/lv\/wp-json\/wp\/v2\/media\/138810"}],"wp:attachment":[{"href":"https:\/\/kingarms.ee\/lv\/wp-json\/wp\/v2\/media?parent=140431"}],"wp:term":[{"taxonomy":"product_brand","embeddable":true,"href":"https:\/\/kingarms.ee\/lv\/wp-json\/wp\/v2\/product_brand?post=140431"},{"taxonomy":"product_cat","embeddable":true,"href":"https:\/\/kingarms.ee\/lv\/wp-json\/wp\/v2\/product_cat?post=140431"},{"taxonomy":"product_tag","embeddable":true,"href":"https:\/\/kingarms.ee\/lv\/wp-json\/wp\/v2\/product_tag?post=140431"}],"curies":[{"name":"wp","href":"https:\/\/api.w.org\/{rel}","templated":true}]}}