{"id":140438,"date":"2024-12-06T16:40:00","date_gmt":"2024-12-06T16:44:20","guid":{"rendered":"https:\/\/kingarms.ee\/product\/dekorativais-zobens-by-165\/"},"modified":"2025-08-02T14:56:07","modified_gmt":"2025-08-02T11:56:07","slug":"dekorativais-sword-by-165","status":"publish","type":"product","link":"https:\/\/kingarms.ee\/lv\/product\/dekorativais-sword-by-165\/","title":{"rendered":"Dekorat\u012bvais zobens (BY-165)"},"content":{"rendered":"<p>Dekorat\u012bvais zobens (BY-165)<\/p>\n<p>Dekorat\u012bvais zobens<br \/>\nIedvesmojoties no Heartsbane zobena Tally House<br \/>\nGames of Thrones s\u0113rija<br \/>\nT\u0113rauda asmens<br \/>\nKoka rokturis<br \/>\nMet\u0101la aizsargs un poga<br \/>\nWodden sienas stat\u012bva ir iek\u013cauta<br \/>\nAsmens garums 805 mm<br \/>\nKop\u0113jais garums 1550 mm<br \/>\nSvars 1875g<\/p>\n<p>Neass un nav asin\u0101ts asmens, tikai dekorat\u012bviem nol\u016bkiem<\/p>\n","protected":false},"excerpt":{"rendered":"<p>Dekorat\u012bvais zobens (BY-165) Dekorat\u012bvais zobens Iedvesmojoties no Heartsbane zobena Tally House Games of Thrones s\u0113rija T\u0113rauda asmens Koka rokturis Met\u0101la<\/p>\n","protected":false},"featured_media":138960,"template":"","meta":{"_acf_changed":false},"product_brand":[],"product_cat":[1105,1311],"product_tag":[],"class_list":{"0":"post-140438","1":"product","2":"type-product","3":"status-publish","4":"has-post-thumbnail","6":"product_cat-cits","7":"product_cat-zobeni","9":"first","10":"instock","11":"purchasable","12":"product-type-simple"},"acf":[],"_links":{"self":[{"href":"https:\/\/kingarms.ee\/lv\/wp-json\/wp\/v2\/product\/140438","targetHints":{"allow":["GET"]}}],"collection":[{"href":"https:\/\/kingarms.ee\/lv\/wp-json\/wp\/v2\/product"}],"about":[{"href":"https:\/\/kingarms.ee\/lv\/wp-json\/wp\/v2\/types\/product"}],"wp:featuredmedia":[{"embeddable":true,"href":"https:\/\/kingarms.ee\/lv\/wp-json\/wp\/v2\/media\/138960"}],"wp:attachment":[{"href":"https:\/\/kingarms.ee\/lv\/wp-json\/wp\/v2\/media?parent=140438"}],"wp:term":[{"taxonomy":"product_brand","embeddable":true,"href":"https:\/\/kingarms.ee\/lv\/wp-json\/wp\/v2\/product_brand?post=140438"},{"taxonomy":"product_cat","embeddable":true,"href":"https:\/\/kingarms.ee\/lv\/wp-json\/wp\/v2\/product_cat?post=140438"},{"taxonomy":"product_tag","embeddable":true,"href":"https:\/\/kingarms.ee\/lv\/wp-json\/wp\/v2\/product_tag?post=140438"}],"curies":[{"name":"wp","href":"https:\/\/api.w.org\/{rel}","templated":true}]}}