{"id":140450,"date":"2024-12-06T16:39:41","date_gmt":"2024-12-06T17:14:12","guid":{"rendered":"https:\/\/kingarms.ee\/product\/dekorativs-sirpis-zs508\/"},"modified":"2025-08-02T15:02:14","modified_gmt":"2025-08-02T12:02:14","slug":"dekorativa-zickle-zs508","status":"publish","type":"product","link":"https:\/\/kingarms.ee\/lv\/product\/dekorativa-zickle-zs508\/","title":{"rendered":"Dekorat\u012bvs sirpis (ZS508)"},"content":{"rendered":"<p>Dekorat\u012bvs sirpis (ZS508)<\/p>\n<p>Dekorat\u012bvs sirpis<br \/>\nIedvesmojoties no dv\u0113seles sirpja<br \/>\nSoul Eater s\u0113rija<br \/>\nMet\u0101la rokturis<br \/>\nStikla \u0161\u0137iedru sirpis<br \/>\nAugstums 1220mm<br \/>\nSirpjveida garums 800 mm<br \/>\nSvars 2490g<\/p>\n<p>Nav asin\u0101ts un neass asmens, tikai dekorat\u012bviem nol\u016bkiem<\/p>\n","protected":false},"excerpt":{"rendered":"<p>Dekorat\u012bvs sirpis (ZS508) Dekorat\u012bvs sirpis Iedvesmojoties no dv\u0113seles sirpja Soul Eater s\u0113rija Met\u0101la rokturis Stikla \u0161\u0137iedru sirpis Augstums 1220mm Sirpjveida<\/p>\n","protected":false},"featured_media":139386,"template":"","meta":{"_acf_changed":false},"product_brand":[],"product_cat":[1105,1311],"product_tag":[],"class_list":{"0":"post-140450","1":"product","2":"type-product","3":"status-publish","4":"has-post-thumbnail","6":"product_cat-cits","7":"product_cat-zobeni","9":"first","10":"instock","11":"purchasable","12":"product-type-simple"},"acf":[],"_links":{"self":[{"href":"https:\/\/kingarms.ee\/lv\/wp-json\/wp\/v2\/product\/140450","targetHints":{"allow":["GET"]}}],"collection":[{"href":"https:\/\/kingarms.ee\/lv\/wp-json\/wp\/v2\/product"}],"about":[{"href":"https:\/\/kingarms.ee\/lv\/wp-json\/wp\/v2\/types\/product"}],"wp:featuredmedia":[{"embeddable":true,"href":"https:\/\/kingarms.ee\/lv\/wp-json\/wp\/v2\/media\/139386"}],"wp:attachment":[{"href":"https:\/\/kingarms.ee\/lv\/wp-json\/wp\/v2\/media?parent=140450"}],"wp:term":[{"taxonomy":"product_brand","embeddable":true,"href":"https:\/\/kingarms.ee\/lv\/wp-json\/wp\/v2\/product_brand?post=140450"},{"taxonomy":"product_cat","embeddable":true,"href":"https:\/\/kingarms.ee\/lv\/wp-json\/wp\/v2\/product_cat?post=140450"},{"taxonomy":"product_tag","embeddable":true,"href":"https:\/\/kingarms.ee\/lv\/wp-json\/wp\/v2\/product_tag?post=140450"}],"curies":[{"name":"wp","href":"https:\/\/api.w.org\/{rel}","templated":true}]}}