{"id":140457,"date":"2024-12-06T16:39:41","date_gmt":"2024-12-06T17:42:05","guid":{"rendered":"https:\/\/kingarms.ee\/product\/dekorativais-zobens-zs591\/"},"modified":"2025-08-02T15:03:01","modified_gmt":"2025-08-02T12:03:01","slug":"dekorativais-varda-zs591","status":"publish","type":"product","link":"https:\/\/kingarms.ee\/lv\/product\/dekorativais-varda-zs591\/","title":{"rendered":"Dekorat\u012bvais zobens (ZS591)"},"content":{"rendered":"<p>Dekorat\u012bvais zobens (ZS591)<\/p>\n<p>Dekorat\u012bvais zobens<br \/>\nIedvesmots no Kirito sv\u0113t\u0101 zobena Excalibur<br \/>\nZobenu m\u0101kslas tie\u0161saistes s\u0113rija<br \/>\nT\u0113rauda asmens<br \/>\nMet\u0101la rokturis<br \/>\nAsmens garums 760mm<br \/>\nKop\u0113jais garums 1085 mm (1110 mm ar \u0137abi)<br \/>\nSvars 2010g (2180G ar Scabbard)<\/p>\n<p>Neass un nav asin\u0101ts asmens, tikai dekorat\u012bviem nol\u016bkiem<\/p>\n","protected":false},"excerpt":{"rendered":"<p>Dekorat\u012bvais zobens (ZS591) Dekorat\u012bvais zobens Iedvesmots no Kirito sv\u0113t\u0101 zobena Excalibur Zobenu m\u0101kslas tie\u0161saistes s\u0113rija T\u0113rauda asmens Met\u0101la rokturis Asmens<\/p>\n","protected":false},"featured_media":139470,"template":"","meta":{"_acf_changed":false},"product_brand":[],"product_cat":[1105,1311],"product_tag":[],"class_list":{"0":"post-140457","1":"product","2":"type-product","3":"status-publish","4":"has-post-thumbnail","6":"product_cat-cits","7":"product_cat-zobeni","9":"first","10":"instock","11":"purchasable","12":"product-type-simple"},"acf":[],"_links":{"self":[{"href":"https:\/\/kingarms.ee\/lv\/wp-json\/wp\/v2\/product\/140457","targetHints":{"allow":["GET"]}}],"collection":[{"href":"https:\/\/kingarms.ee\/lv\/wp-json\/wp\/v2\/product"}],"about":[{"href":"https:\/\/kingarms.ee\/lv\/wp-json\/wp\/v2\/types\/product"}],"wp:featuredmedia":[{"embeddable":true,"href":"https:\/\/kingarms.ee\/lv\/wp-json\/wp\/v2\/media\/139470"}],"wp:attachment":[{"href":"https:\/\/kingarms.ee\/lv\/wp-json\/wp\/v2\/media?parent=140457"}],"wp:term":[{"taxonomy":"product_brand","embeddable":true,"href":"https:\/\/kingarms.ee\/lv\/wp-json\/wp\/v2\/product_brand?post=140457"},{"taxonomy":"product_cat","embeddable":true,"href":"https:\/\/kingarms.ee\/lv\/wp-json\/wp\/v2\/product_cat?post=140457"},{"taxonomy":"product_tag","embeddable":true,"href":"https:\/\/kingarms.ee\/lv\/wp-json\/wp\/v2\/product_tag?post=140457"}],"curies":[{"name":"wp","href":"https:\/\/api.w.org\/{rel}","templated":true}]}}