{"id":140482,"date":"2024-12-06T16:39:41","date_gmt":"2024-12-07T10:09:44","guid":{"rendered":"https:\/\/kingarms.ee\/product\/dekorativas-fantazijas-dunci-zs274\/"},"modified":"2025-08-02T15:06:19","modified_gmt":"2025-08-02T12:06:19","slug":"dekorativas-fantazijas-daggers-zs274","status":"publish","type":"product","link":"https:\/\/kingarms.ee\/lv\/product\/dekorativas-fantazijas-daggers-zs274\/","title":{"rendered":"Dekorat\u012bv\u0101s fant\u0101zijas dun\u010di (ZS274)"},"content":{"rendered":"<p>Dekorat\u012bv\u0101s fant\u0101zijas dun\u010di (ZS274)<\/p>\n<p>Dekorat\u012bv\u0101s fant\u0101zijas dun\u010di<br \/>\nIspired no Tauriel&#8217;s Daggers<br \/>\nS\u0113rija Hobits<br \/>\nT\u0113rauda asmens<br \/>\nMet\u0101la un plastmasas rokturis<br \/>\nKoka sienas stat\u012bva ir iek\u013cauta<br \/>\nL\u0101psti\u0146as garums 330 mm<br \/>\nKop\u0113jais garums 490mm<br \/>\nViena dun\u010da svars 325G<\/p>\n<p>Nav asina un neas asme\u0146i, tikai dekorat\u012bviem nol\u016bkiem<\/p>\n","protected":false},"excerpt":{"rendered":"<p>Dekorat\u012bv\u0101s fant\u0101zijas dun\u010di (ZS274) Dekorat\u012bv\u0101s fant\u0101zijas dun\u010di Ispired no Tauriel&#8217;s Daggers S\u0113rija Hobits T\u0113rauda asmens Met\u0101la un plastmasas rokturis Koka<\/p>\n","protected":false},"featured_media":139374,"template":"","meta":{"_acf_changed":false},"product_brand":[],"product_cat":[1105,1311],"product_tag":[],"class_list":{"0":"post-140482","1":"product","2":"type-product","3":"status-publish","4":"has-post-thumbnail","6":"product_cat-cits","7":"product_cat-zobeni","9":"first","10":"instock","11":"purchasable","12":"product-type-simple"},"acf":[],"_links":{"self":[{"href":"https:\/\/kingarms.ee\/lv\/wp-json\/wp\/v2\/product\/140482","targetHints":{"allow":["GET"]}}],"collection":[{"href":"https:\/\/kingarms.ee\/lv\/wp-json\/wp\/v2\/product"}],"about":[{"href":"https:\/\/kingarms.ee\/lv\/wp-json\/wp\/v2\/types\/product"}],"wp:featuredmedia":[{"embeddable":true,"href":"https:\/\/kingarms.ee\/lv\/wp-json\/wp\/v2\/media\/139374"}],"wp:attachment":[{"href":"https:\/\/kingarms.ee\/lv\/wp-json\/wp\/v2\/media?parent=140482"}],"wp:term":[{"taxonomy":"product_brand","embeddable":true,"href":"https:\/\/kingarms.ee\/lv\/wp-json\/wp\/v2\/product_brand?post=140482"},{"taxonomy":"product_cat","embeddable":true,"href":"https:\/\/kingarms.ee\/lv\/wp-json\/wp\/v2\/product_cat?post=140482"},{"taxonomy":"product_tag","embeddable":true,"href":"https:\/\/kingarms.ee\/lv\/wp-json\/wp\/v2\/product_tag?post=140482"}],"curies":[{"name":"wp","href":"https:\/\/api.w.org\/{rel}","templated":true}]}}