{"id":140483,"date":"2024-12-06T16:39:41","date_gmt":"2024-12-07T10:09:44","guid":{"rendered":"https:\/\/kingarms.ee\/product\/dekorativais-zobens-zs552-5\/"},"modified":"2025-08-02T15:07:07","modified_gmt":"2025-08-02T12:07:07","slug":"dekorativais-sword-zs552-5","status":"publish","type":"product","link":"https:\/\/kingarms.ee\/lv\/product\/dekorativais-sword-zs552-5\/","title":{"rendered":"Dekorat\u012bvais zobens (ZS552-5)"},"content":{"rendered":"<p>Dekorat\u012bvais zobens (ZS552-5)<\/p>\n<p>Dekorat\u012bvais zobens<br \/>\nIedvesmots no Saber Lily meln\u0101 Excalibur zobena<br \/>\nLikte\u0146u s\u0113rija<br \/>\nT\u0113rauda asmens<br \/>\nKoka \u0161\u0137emba<br \/>\nMet\u0101la sargs un rokturis<br \/>\nAsmens garums 775 mm<br \/>\nKop\u0113jais garums 1050 mm (1150 mm ar \u0137abi)<br \/>\nSvars 1400G (1900G ar SCABBARD)<\/p>\n<p>Neass un nav asin\u0101ts asmens, tikai dekorat\u012bviem nol\u016bkiem<\/p>\n","protected":false},"excerpt":{"rendered":"<p>Dekorat\u012bvais zobens (ZS552-5) Dekorat\u012bvais zobens Iedvesmots no Saber Lily meln\u0101 Excalibur zobena Likte\u0146u s\u0113rija T\u0113rauda asmens Koka \u0161\u0137emba Met\u0101la sargs<\/p>\n","protected":false},"featured_media":139410,"template":"","meta":{"_acf_changed":false},"product_brand":[],"product_cat":[1105,1311],"product_tag":[],"class_list":{"0":"post-140483","1":"product","2":"type-product","3":"status-publish","4":"has-post-thumbnail","6":"product_cat-cits","7":"product_cat-zobeni","9":"first","10":"instock","11":"purchasable","12":"product-type-simple"},"acf":[],"_links":{"self":[{"href":"https:\/\/kingarms.ee\/lv\/wp-json\/wp\/v2\/product\/140483","targetHints":{"allow":["GET"]}}],"collection":[{"href":"https:\/\/kingarms.ee\/lv\/wp-json\/wp\/v2\/product"}],"about":[{"href":"https:\/\/kingarms.ee\/lv\/wp-json\/wp\/v2\/types\/product"}],"wp:featuredmedia":[{"embeddable":true,"href":"https:\/\/kingarms.ee\/lv\/wp-json\/wp\/v2\/media\/139410"}],"wp:attachment":[{"href":"https:\/\/kingarms.ee\/lv\/wp-json\/wp\/v2\/media?parent=140483"}],"wp:term":[{"taxonomy":"product_brand","embeddable":true,"href":"https:\/\/kingarms.ee\/lv\/wp-json\/wp\/v2\/product_brand?post=140483"},{"taxonomy":"product_cat","embeddable":true,"href":"https:\/\/kingarms.ee\/lv\/wp-json\/wp\/v2\/product_cat?post=140483"},{"taxonomy":"product_tag","embeddable":true,"href":"https:\/\/kingarms.ee\/lv\/wp-json\/wp\/v2\/product_tag?post=140483"}],"curies":[{"name":"wp","href":"https:\/\/api.w.org\/{rel}","templated":true}]}}