{"id":140508,"date":"2024-12-06T16:39:41","date_gmt":"2024-12-07T10:17:09","guid":{"rendered":"https:\/\/kingarms.ee\/product\/dekorativie-zobeni-zs065\/"},"modified":"2025-08-02T15:08:44","modified_gmt":"2025-08-02T12:08:44","slug":"dekorativie-words-zs065","status":"publish","type":"product","link":"https:\/\/kingarms.ee\/lv\/product\/dekorativie-words-zs065\/","title":{"rendered":"Dekorat\u012bvie zobeni (ZS065)"},"content":{"rendered":"<p>Dekorat\u012bvie zobeni (ZS065)<\/p>\n<p>Dekorat\u012bvie zobeni<br \/>\nIedvesmojoties no Ar\u010dera Yin Yang zobeniem<br \/>\nLikte\u0146u s\u0113rija<br \/>\nT\u0113rauda asme\u0146i<br \/>\nKoka rokturis<br \/>\nMet\u0101la poga<br \/>\nLeatherette Scabbards<br \/>\nViena asme\u0146a garums 435 mm<br \/>\nViena zobena kop\u0113jais garums 640 mm (655 mm ar \u0137abi)<br \/>\nViena zobena svars 1235G (1370G ar Scabbard)<\/p>\n<p>Neass un nav asin\u0101ts Katana, tikai dekorat\u012bvos nol\u016bkos<\/p>\n","protected":false},"excerpt":{"rendered":"<p>Dekorat\u012bvie zobeni (ZS065) Dekorat\u012bvie zobeni Iedvesmojoties no Ar\u010dera Yin Yang zobeniem Likte\u0146u s\u0113rija T\u0113rauda asme\u0146i Koka rokturis Met\u0101la poga Leatherette<\/p>\n","protected":false},"featured_media":139062,"template":"","meta":{"_acf_changed":false},"product_brand":[],"product_cat":[1105,1311],"product_tag":[],"class_list":{"0":"post-140508","1":"product","2":"type-product","3":"status-publish","4":"has-post-thumbnail","6":"product_cat-cits","7":"product_cat-zobeni","9":"first","10":"instock","11":"purchasable","12":"product-type-simple"},"acf":[],"_links":{"self":[{"href":"https:\/\/kingarms.ee\/lv\/wp-json\/wp\/v2\/product\/140508","targetHints":{"allow":["GET"]}}],"collection":[{"href":"https:\/\/kingarms.ee\/lv\/wp-json\/wp\/v2\/product"}],"about":[{"href":"https:\/\/kingarms.ee\/lv\/wp-json\/wp\/v2\/types\/product"}],"wp:featuredmedia":[{"embeddable":true,"href":"https:\/\/kingarms.ee\/lv\/wp-json\/wp\/v2\/media\/139062"}],"wp:attachment":[{"href":"https:\/\/kingarms.ee\/lv\/wp-json\/wp\/v2\/media?parent=140508"}],"wp:term":[{"taxonomy":"product_brand","embeddable":true,"href":"https:\/\/kingarms.ee\/lv\/wp-json\/wp\/v2\/product_brand?post=140508"},{"taxonomy":"product_cat","embeddable":true,"href":"https:\/\/kingarms.ee\/lv\/wp-json\/wp\/v2\/product_cat?post=140508"},{"taxonomy":"product_tag","embeddable":true,"href":"https:\/\/kingarms.ee\/lv\/wp-json\/wp\/v2\/product_tag?post=140508"}],"curies":[{"name":"wp","href":"https:\/\/api.w.org\/{rel}","templated":true}]}}