{"id":140511,"date":"2024-12-06T16:39:23","date_gmt":"2024-12-07T10:17:09","guid":{"rendered":"https:\/\/kingarms.ee\/product\/dekorativais-cirvis-zs1127\/"},"modified":"2025-08-02T15:17:22","modified_gmt":"2025-08-02T12:17:22","slug":"dekorativa-ass-zs1127","status":"publish","type":"product","link":"https:\/\/kingarms.ee\/lv\/product\/dekorativa-ass-zs1127\/","title":{"rendered":"Dekorat\u012bvais cirvis (ZS1127)"},"content":{"rendered":"<p>Dekorat\u012bvais cirvis (ZS1127)<\/p>\n<p>Dekorat\u012bvais cirvis<br \/>\nIedvesmojoties no Escanor dievi\u0161\u0137\u0101s &#8220;rhitta&#8221; cirvja<br \/>\nSepti\u0146as n\u0101v\u0113jo\u0161u gr\u0113ku s\u0113rija<br \/>\nMet\u0101la konstrukcija<br \/>\nAsmens augstums 480mm<br \/>\nKop\u0113jais garums 1220 mm<br \/>\nSvars 5995G<\/p>\n<p>Nav asin\u0101ts un neass asmens, tikai dekorat\u012bviem nol\u016bkiem<\/p>\n","protected":false},"excerpt":{"rendered":"<p>Dekorat\u012bvais cirvis (ZS1127) Dekorat\u012bvais cirvis Iedvesmojoties no Escanor dievi\u0161\u0137\u0101s &#8220;rhitta&#8221; cirvja Septi\u0146as n\u0101v\u0113jo\u0161u gr\u0113ku s\u0113rija Met\u0101la konstrukcija Asmens augstums 480mm<\/p>\n","protected":false},"featured_media":139740,"template":"","meta":{"_acf_changed":false},"product_brand":[],"product_cat":[1105,1311],"product_tag":[],"class_list":{"0":"post-140511","1":"product","2":"type-product","3":"status-publish","4":"has-post-thumbnail","6":"product_cat-cits","7":"product_cat-zobeni","9":"first","10":"instock","11":"purchasable","12":"product-type-simple"},"acf":[],"_links":{"self":[{"href":"https:\/\/kingarms.ee\/lv\/wp-json\/wp\/v2\/product\/140511","targetHints":{"allow":["GET"]}}],"collection":[{"href":"https:\/\/kingarms.ee\/lv\/wp-json\/wp\/v2\/product"}],"about":[{"href":"https:\/\/kingarms.ee\/lv\/wp-json\/wp\/v2\/types\/product"}],"wp:featuredmedia":[{"embeddable":true,"href":"https:\/\/kingarms.ee\/lv\/wp-json\/wp\/v2\/media\/139740"}],"wp:attachment":[{"href":"https:\/\/kingarms.ee\/lv\/wp-json\/wp\/v2\/media?parent=140511"}],"wp:term":[{"taxonomy":"product_brand","embeddable":true,"href":"https:\/\/kingarms.ee\/lv\/wp-json\/wp\/v2\/product_brand?post=140511"},{"taxonomy":"product_cat","embeddable":true,"href":"https:\/\/kingarms.ee\/lv\/wp-json\/wp\/v2\/product_cat?post=140511"},{"taxonomy":"product_tag","embeddable":true,"href":"https:\/\/kingarms.ee\/lv\/wp-json\/wp\/v2\/product_tag?post=140511"}],"curies":[{"name":"wp","href":"https:\/\/api.w.org\/{rel}","templated":true}]}}