{"id":140519,"date":"2024-12-06T16:39:41","date_gmt":"2024-12-07T10:17:11","guid":{"rendered":"https:\/\/kingarms.ee\/product\/dekorativais-zobens-zs064\/"},"modified":"2025-08-02T15:09:28","modified_gmt":"2025-08-02T12:09:28","slug":"dekorativais-varda-zs064","status":"publish","type":"product","link":"https:\/\/kingarms.ee\/lv\/product\/dekorativais-varda-zs064\/","title":{"rendered":"Dekorat\u012bvais zobens (ZS064)"},"content":{"rendered":"<p>Dekorat\u012bvais zobens (ZS064)<\/p>\n<p>Dekorat\u012bvais zobens<br \/>\nIedvesmojoties no Raidena \u0160oguna Musou Isshin zobena<br \/>\nGenshin trieciena zobens<br \/>\nT\u0113rauda asmens<br \/>\nMet\u0101la rokturis un sargs<br \/>\nKoka galda stends ir iek\u013cauts<br \/>\nAsmens garums 690mm<br \/>\nKop\u0113jais garums 1100 mm<br \/>\nSvars 1965g<\/p>\n<p>Neass un nav asin\u0101ts asmens, tikai dekorat\u012bviem nol\u016bkiem<\/p>\n","protected":false},"excerpt":{"rendered":"<p>Dekorat\u012bvais zobens (ZS064) Dekorat\u012bvais zobens Iedvesmojoties no Raidena \u0160oguna Musou Isshin zobena Genshin trieciena zobens T\u0113rauda asmens Met\u0101la rokturis un<\/p>\n","protected":false},"featured_media":139056,"template":"","meta":{"_acf_changed":false},"product_brand":[],"product_cat":[1105,1311],"product_tag":[],"class_list":{"0":"post-140519","1":"product","2":"type-product","3":"status-publish","4":"has-post-thumbnail","6":"product_cat-cits","7":"product_cat-zobeni","9":"first","10":"instock","11":"purchasable","12":"product-type-simple"},"acf":[],"_links":{"self":[{"href":"https:\/\/kingarms.ee\/lv\/wp-json\/wp\/v2\/product\/140519","targetHints":{"allow":["GET"]}}],"collection":[{"href":"https:\/\/kingarms.ee\/lv\/wp-json\/wp\/v2\/product"}],"about":[{"href":"https:\/\/kingarms.ee\/lv\/wp-json\/wp\/v2\/types\/product"}],"wp:featuredmedia":[{"embeddable":true,"href":"https:\/\/kingarms.ee\/lv\/wp-json\/wp\/v2\/media\/139056"}],"wp:attachment":[{"href":"https:\/\/kingarms.ee\/lv\/wp-json\/wp\/v2\/media?parent=140519"}],"wp:term":[{"taxonomy":"product_brand","embeddable":true,"href":"https:\/\/kingarms.ee\/lv\/wp-json\/wp\/v2\/product_brand?post=140519"},{"taxonomy":"product_cat","embeddable":true,"href":"https:\/\/kingarms.ee\/lv\/wp-json\/wp\/v2\/product_cat?post=140519"},{"taxonomy":"product_tag","embeddable":true,"href":"https:\/\/kingarms.ee\/lv\/wp-json\/wp\/v2\/product_tag?post=140519"}],"curies":[{"name":"wp","href":"https:\/\/api.w.org\/{rel}","templated":true}]}}