{"id":140521,"date":"2024-12-06T16:39:41","date_gmt":"2024-12-07T10:17:11","guid":{"rendered":"https:\/\/kingarms.ee\/product\/dekorativais-zobens-zs130\/"},"modified":"2025-08-02T15:10:57","modified_gmt":"2025-08-02T12:10:57","slug":"dekorativais-varda-zs130","status":"publish","type":"product","link":"https:\/\/kingarms.ee\/lv\/product\/dekorativais-varda-zs130\/","title":{"rendered":"Dekorat\u012bvais zobens (ZS130)"},"content":{"rendered":"<p>Dekorat\u012bvais zobens (ZS130)<\/p>\n<p>Dekorat\u012bvais zobens<br \/>\nIedvesmojoties no Renji Abarai Zabimaru zobena<br \/>\nBalin\u0101t\u0101ju s\u0113rija<br \/>\nT\u0113rauda asmens<br \/>\nMet\u0101la aizsargs un poga<br \/>\nKoka sa\u0137ere<br \/>\nAsmens garums 700 mm<br \/>\nKop\u0113jais garums 1015 mm<br \/>\nSvars 2055g<\/p>\n<p>Neass un nav asin\u0101ts asmens, tikai dekorat\u012bviem nol\u016bkiem<\/p>\n","protected":false},"excerpt":{"rendered":"<p>Dekorat\u012bvais zobens (ZS130) Dekorat\u012bvais zobens Iedvesmojoties no Renji Abarai Zabimaru zobena Balin\u0101t\u0101ju s\u0113rija T\u0113rauda asmens Met\u0101la aizsargs un poga Koka<\/p>\n","protected":false},"featured_media":139212,"template":"","meta":{"_acf_changed":false},"product_brand":[],"product_cat":[1105,1311],"product_tag":[],"class_list":{"0":"post-140521","1":"product","2":"type-product","3":"status-publish","4":"has-post-thumbnail","6":"product_cat-cits","7":"product_cat-zobeni","9":"first","10":"instock","11":"purchasable","12":"product-type-simple"},"acf":[],"_links":{"self":[{"href":"https:\/\/kingarms.ee\/lv\/wp-json\/wp\/v2\/product\/140521","targetHints":{"allow":["GET"]}}],"collection":[{"href":"https:\/\/kingarms.ee\/lv\/wp-json\/wp\/v2\/product"}],"about":[{"href":"https:\/\/kingarms.ee\/lv\/wp-json\/wp\/v2\/types\/product"}],"wp:featuredmedia":[{"embeddable":true,"href":"https:\/\/kingarms.ee\/lv\/wp-json\/wp\/v2\/media\/139212"}],"wp:attachment":[{"href":"https:\/\/kingarms.ee\/lv\/wp-json\/wp\/v2\/media?parent=140521"}],"wp:term":[{"taxonomy":"product_brand","embeddable":true,"href":"https:\/\/kingarms.ee\/lv\/wp-json\/wp\/v2\/product_brand?post=140521"},{"taxonomy":"product_cat","embeddable":true,"href":"https:\/\/kingarms.ee\/lv\/wp-json\/wp\/v2\/product_cat?post=140521"},{"taxonomy":"product_tag","embeddable":true,"href":"https:\/\/kingarms.ee\/lv\/wp-json\/wp\/v2\/product_tag?post=140521"}],"curies":[{"name":"wp","href":"https:\/\/api.w.org\/{rel}","templated":true}]}}