{"id":140529,"date":"2024-12-06T16:39:23","date_gmt":"2024-12-07T10:21:07","guid":{"rendered":"https:\/\/kingarms.ee\/product\/dekorativais-amurs-zs086\/"},"modified":"2025-08-02T15:18:06","modified_gmt":"2025-08-02T12:18:06","slug":"dekorativas-amurs-zs086","status":"publish","type":"product","link":"https:\/\/kingarms.ee\/lv\/product\/dekorativas-amurs-zs086\/","title":{"rendered":"Dekorat\u012bvais \u0101murs (ZS086)"},"content":{"rendered":"<p>Dekorat\u012bvais \u0101murs (ZS086)<\/p>\n<p>Dekorat\u012bvais \u0101murs<br \/>\nIedvesmots no Celebrimbor \u0101mura<br \/>\nGredzenu pav\u0113lnieks (varas gredzeni)<br \/>\nPlastmasas konstrukcija<br \/>\nIzm\u0113ri 435 mm x 195 mm x 39mm<br \/>\nSvars 530g<\/p>\n","protected":false},"excerpt":{"rendered":"<p>Dekorat\u012bvais \u0101murs (ZS086) Dekorat\u012bvais \u0101murs Iedvesmots no Celebrimbor \u0101mura Gredzenu pav\u0113lnieks (varas gredzeni) Plastmasas konstrukcija Izm\u0113ri 435 mm x 195<\/p>\n","protected":false},"featured_media":139098,"template":"","meta":{"_acf_changed":false},"product_brand":[],"product_cat":[1105,1311],"product_tag":[],"class_list":{"0":"post-140529","1":"product","2":"type-product","3":"status-publish","4":"has-post-thumbnail","6":"product_cat-cits","7":"product_cat-zobeni","9":"first","10":"instock","11":"purchasable","12":"product-type-simple"},"acf":[],"_links":{"self":[{"href":"https:\/\/kingarms.ee\/lv\/wp-json\/wp\/v2\/product\/140529","targetHints":{"allow":["GET"]}}],"collection":[{"href":"https:\/\/kingarms.ee\/lv\/wp-json\/wp\/v2\/product"}],"about":[{"href":"https:\/\/kingarms.ee\/lv\/wp-json\/wp\/v2\/types\/product"}],"wp:featuredmedia":[{"embeddable":true,"href":"https:\/\/kingarms.ee\/lv\/wp-json\/wp\/v2\/media\/139098"}],"wp:attachment":[{"href":"https:\/\/kingarms.ee\/lv\/wp-json\/wp\/v2\/media?parent=140529"}],"wp:term":[{"taxonomy":"product_brand","embeddable":true,"href":"https:\/\/kingarms.ee\/lv\/wp-json\/wp\/v2\/product_brand?post=140529"},{"taxonomy":"product_cat","embeddable":true,"href":"https:\/\/kingarms.ee\/lv\/wp-json\/wp\/v2\/product_cat?post=140529"},{"taxonomy":"product_tag","embeddable":true,"href":"https:\/\/kingarms.ee\/lv\/wp-json\/wp\/v2\/product_tag?post=140529"}],"curies":[{"name":"wp","href":"https:\/\/api.w.org\/{rel}","templated":true}]}}