{"id":140532,"date":"2024-12-06T16:39:41","date_gmt":"2024-12-07T10:21:08","guid":{"rendered":"https:\/\/kingarms.ee\/product\/dekorativais-zobens-zs705-2\/"},"modified":"2025-08-02T15:11:44","modified_gmt":"2025-08-02T12:11:44","slug":"dekorativais-varda-zs705-2","status":"publish","type":"product","link":"https:\/\/kingarms.ee\/lv\/product\/dekorativais-varda-zs705-2\/","title":{"rendered":"Dekorat\u012bvais zobens (ZS705-2)"},"content":{"rendered":"<p>Dekorat\u012bvais zobens (ZS705-2)<\/p>\n<p>Dekorat\u012bvais zobens<br \/>\nIedvesmojoties no Toji Fushiguro zobena<br \/>\nJujutsu Kaisen s\u0113rija<br \/>\nT\u0113rauda asmens<br \/>\nMet\u0101la aizsargs un poga<br \/>\nKoka sa\u0137ere<br \/>\nLeatherette Scabbard<br \/>\nAsmens garums 310 mm<br \/>\nKop\u0113jais garums 560 mm (575 mm ar \u0161\u0137embu)<br \/>\nSvars 870g (975 g ar \u0137abi)<\/p>\n<p>Nav asin\u0101ts un neass asmens, tikai dekorat\u012bviem nol\u016bkiem<\/p>\n","protected":false},"excerpt":{"rendered":"<p>Dekorat\u012bvais zobens (ZS705-2) Dekorat\u012bvais zobens Iedvesmojoties no Toji Fushiguro zobena Jujutsu Kaisen s\u0113rija T\u0113rauda asmens Met\u0101la aizsargs un poga Koka<\/p>\n","protected":false},"featured_media":139698,"template":"","meta":{"_acf_changed":false},"product_brand":[],"product_cat":[1105,1311],"product_tag":[],"class_list":{"0":"post-140532","1":"product","2":"type-product","3":"status-publish","4":"has-post-thumbnail","6":"product_cat-cits","7":"product_cat-zobeni","9":"first","10":"instock","11":"purchasable","12":"product-type-simple"},"acf":[],"_links":{"self":[{"href":"https:\/\/kingarms.ee\/lv\/wp-json\/wp\/v2\/product\/140532","targetHints":{"allow":["GET"]}}],"collection":[{"href":"https:\/\/kingarms.ee\/lv\/wp-json\/wp\/v2\/product"}],"about":[{"href":"https:\/\/kingarms.ee\/lv\/wp-json\/wp\/v2\/types\/product"}],"wp:featuredmedia":[{"embeddable":true,"href":"https:\/\/kingarms.ee\/lv\/wp-json\/wp\/v2\/media\/139698"}],"wp:attachment":[{"href":"https:\/\/kingarms.ee\/lv\/wp-json\/wp\/v2\/media?parent=140532"}],"wp:term":[{"taxonomy":"product_brand","embeddable":true,"href":"https:\/\/kingarms.ee\/lv\/wp-json\/wp\/v2\/product_brand?post=140532"},{"taxonomy":"product_cat","embeddable":true,"href":"https:\/\/kingarms.ee\/lv\/wp-json\/wp\/v2\/product_cat?post=140532"},{"taxonomy":"product_tag","embeddable":true,"href":"https:\/\/kingarms.ee\/lv\/wp-json\/wp\/v2\/product_tag?post=140532"}],"curies":[{"name":"wp","href":"https:\/\/api.w.org\/{rel}","templated":true}]}}