{"id":140542,"date":"2024-12-06T16:39:41","date_gmt":"2024-12-07T10:28:06","guid":{"rendered":"https:\/\/kingarms.ee\/product\/dekorativais-zobens-zs556\/"},"modified":"2025-08-02T15:13:15","modified_gmt":"2025-08-02T12:13:15","slug":"dekorativais-varda-zs556","status":"publish","type":"product","link":"https:\/\/kingarms.ee\/lv\/product\/dekorativais-varda-zs556\/","title":{"rendered":"Dekorat\u012bvais zobens (ZS556)"},"content":{"rendered":"<p>Dekorat\u012bvais zobens (ZS556)<\/p>\n<p>Dekorat\u012bvais zobens<br \/>\nIedvesmojoties no Sajina Komamura zobena<br \/>\nBalin\u0101t\u0101ju s\u0113rija<br \/>\nT\u0113rauda asmens<br \/>\nKoka rokturis<br \/>\nMet\u0101la aizsargs un poga<br \/>\nKoka galda stends ir iek\u013cauts<br \/>\nAsmens garums 640mm<br \/>\nKop\u0113jais garums 940mm<br \/>\nSvars 1125g<\/p>\n<p>Lama ne appu<\/p>\n<p>Neass un nav asin\u0101ts asmens, tikai dekorat\u012bviem nol\u016bkiem<\/p>\n","protected":false},"excerpt":{"rendered":"<p>Dekorat\u012bvais zobens (ZS556) Dekorat\u012bvais zobens Iedvesmojoties no Sajina Komamura zobena Balin\u0101t\u0101ju s\u0113rija T\u0113rauda asmens Koka rokturis Met\u0101la aizsargs un poga<\/p>\n","protected":false},"featured_media":139422,"template":"","meta":{"_acf_changed":false},"product_brand":[],"product_cat":[1105,1311],"product_tag":[],"class_list":{"0":"post-140542","1":"product","2":"type-product","3":"status-publish","4":"has-post-thumbnail","6":"product_cat-cits","7":"product_cat-zobeni","9":"first","10":"instock","11":"purchasable","12":"product-type-simple"},"acf":[],"_links":{"self":[{"href":"https:\/\/kingarms.ee\/lv\/wp-json\/wp\/v2\/product\/140542","targetHints":{"allow":["GET"]}}],"collection":[{"href":"https:\/\/kingarms.ee\/lv\/wp-json\/wp\/v2\/product"}],"about":[{"href":"https:\/\/kingarms.ee\/lv\/wp-json\/wp\/v2\/types\/product"}],"wp:featuredmedia":[{"embeddable":true,"href":"https:\/\/kingarms.ee\/lv\/wp-json\/wp\/v2\/media\/139422"}],"wp:attachment":[{"href":"https:\/\/kingarms.ee\/lv\/wp-json\/wp\/v2\/media?parent=140542"}],"wp:term":[{"taxonomy":"product_brand","embeddable":true,"href":"https:\/\/kingarms.ee\/lv\/wp-json\/wp\/v2\/product_brand?post=140542"},{"taxonomy":"product_cat","embeddable":true,"href":"https:\/\/kingarms.ee\/lv\/wp-json\/wp\/v2\/product_cat?post=140542"},{"taxonomy":"product_tag","embeddable":true,"href":"https:\/\/kingarms.ee\/lv\/wp-json\/wp\/v2\/product_tag?post=140542"}],"curies":[{"name":"wp","href":"https:\/\/api.w.org\/{rel}","templated":true}]}}