{"id":140549,"date":"2024-12-06T16:39:41","date_gmt":"2024-12-07T10:28:10","guid":{"rendered":"https:\/\/kingarms.ee\/product\/dekorativie-dunci-zs066\/"},"modified":"2025-08-02T15:13:59","modified_gmt":"2025-08-02T12:13:59","slug":"dekorativie-dagers-zs066","status":"publish","type":"product","link":"https:\/\/kingarms.ee\/lv\/product\/dekorativie-dagers-zs066\/","title":{"rendered":"Dekorat\u012bvie dun\u010di (ZS066)"},"content":{"rendered":"<p>Dekorat\u012bvie dun\u010di (ZS066)<\/p>\n<p>Dekorat\u012bvie dun\u010di<br \/>\nIedvesmojoties no Riddika dun\u010diem<br \/>\nRiddika filmas hronikas<br \/>\nT\u0113rauda uzb\u016bve<br \/>\nKoka galda stends ir iek\u013cauts<br \/>\nViena asme\u0146a garums 245 mm<br \/>\nViena dun\u010da kop\u0113jais garums 310 mm<br \/>\nViena dun\u010da svars 325G<\/p>\n<p>Neasas un nav asin\u0101tas asme\u0146i, tikai dekorat\u012bviem nol\u016bkiem<\/p>\n","protected":false},"excerpt":{"rendered":"<p>Dekorat\u012bvie dun\u010di (ZS066) Dekorat\u012bvie dun\u010di Iedvesmojoties no Riddika dun\u010diem Riddika filmas hronikas T\u0113rauda uzb\u016bve Koka galda stends ir iek\u013cauts Viena<\/p>\n","protected":false},"featured_media":139068,"template":"","meta":{"_acf_changed":false},"product_brand":[],"product_cat":[1105,1311],"product_tag":[],"class_list":{"0":"post-140549","1":"product","2":"type-product","3":"status-publish","4":"has-post-thumbnail","6":"product_cat-cits","7":"product_cat-zobeni","9":"first","10":"instock","11":"purchasable","12":"product-type-simple"},"acf":[],"_links":{"self":[{"href":"https:\/\/kingarms.ee\/lv\/wp-json\/wp\/v2\/product\/140549","targetHints":{"allow":["GET"]}}],"collection":[{"href":"https:\/\/kingarms.ee\/lv\/wp-json\/wp\/v2\/product"}],"about":[{"href":"https:\/\/kingarms.ee\/lv\/wp-json\/wp\/v2\/types\/product"}],"wp:featuredmedia":[{"embeddable":true,"href":"https:\/\/kingarms.ee\/lv\/wp-json\/wp\/v2\/media\/139068"}],"wp:attachment":[{"href":"https:\/\/kingarms.ee\/lv\/wp-json\/wp\/v2\/media?parent=140549"}],"wp:term":[{"taxonomy":"product_brand","embeddable":true,"href":"https:\/\/kingarms.ee\/lv\/wp-json\/wp\/v2\/product_brand?post=140549"},{"taxonomy":"product_cat","embeddable":true,"href":"https:\/\/kingarms.ee\/lv\/wp-json\/wp\/v2\/product_cat?post=140549"},{"taxonomy":"product_tag","embeddable":true,"href":"https:\/\/kingarms.ee\/lv\/wp-json\/wp\/v2\/product_tag?post=140549"}],"curies":[{"name":"wp","href":"https:\/\/api.w.org\/{rel}","templated":true}]}}