{"id":140563,"date":"2024-12-06T16:39:23","date_gmt":"2024-12-07T10:28:18","guid":{"rendered":"https:\/\/kingarms.ee\/product\/dekorativais-zobens-zs121\/"},"modified":"2025-08-02T15:18:55","modified_gmt":"2025-08-02T12:18:55","slug":"ornamental-word-zs121","status":"publish","type":"product","link":"https:\/\/kingarms.ee\/lv\/product\/ornamental-word-zs121\/","title":{"rendered":"Dekorat\u012bvais zobens (ZS121)"},"content":{"rendered":"<p>Dekorat\u012bvais zobens (ZS121)<\/p>\n<p>Dekorat\u012bvais zobens<br \/>\nIedvesmojoties no Thorin Oakenshield zobena<br \/>\nS\u0113rija Hobits<br \/>\nT\u0113rauda asmens<br \/>\nKoka rokturis<br \/>\nKoka sienas stat\u012bva ir iek\u013cauta<br \/>\nAsmens garums 700 mm<br \/>\nKop\u0113jais garums 935 mm<br \/>\nSvars 1875g<\/p>\n<p>Nav asin\u0101ts un neass asmens, tikai dekorat\u012bviem nol\u016bkiem<\/p>\n","protected":false},"excerpt":{"rendered":"<p>Dekorat\u012bvais zobens (ZS121) Dekorat\u012bvais zobens Iedvesmojoties no Thorin Oakenshield zobena S\u0113rija Hobits T\u0113rauda asmens Koka rokturis Koka sienas stat\u012bva ir<\/p>\n","protected":false},"featured_media":139182,"template":"","meta":{"_acf_changed":false},"product_brand":[],"product_cat":[1105,1311],"product_tag":[],"class_list":{"0":"post-140563","1":"product","2":"type-product","3":"status-publish","4":"has-post-thumbnail","6":"product_cat-cits","7":"product_cat-zobeni","9":"first","10":"instock","11":"purchasable","12":"product-type-simple"},"acf":[],"_links":{"self":[{"href":"https:\/\/kingarms.ee\/lv\/wp-json\/wp\/v2\/product\/140563","targetHints":{"allow":["GET"]}}],"collection":[{"href":"https:\/\/kingarms.ee\/lv\/wp-json\/wp\/v2\/product"}],"about":[{"href":"https:\/\/kingarms.ee\/lv\/wp-json\/wp\/v2\/types\/product"}],"wp:featuredmedia":[{"embeddable":true,"href":"https:\/\/kingarms.ee\/lv\/wp-json\/wp\/v2\/media\/139182"}],"wp:attachment":[{"href":"https:\/\/kingarms.ee\/lv\/wp-json\/wp\/v2\/media?parent=140563"}],"wp:term":[{"taxonomy":"product_brand","embeddable":true,"href":"https:\/\/kingarms.ee\/lv\/wp-json\/wp\/v2\/product_brand?post=140563"},{"taxonomy":"product_cat","embeddable":true,"href":"https:\/\/kingarms.ee\/lv\/wp-json\/wp\/v2\/product_cat?post=140563"},{"taxonomy":"product_tag","embeddable":true,"href":"https:\/\/kingarms.ee\/lv\/wp-json\/wp\/v2\/product_tag?post=140563"}],"curies":[{"name":"wp","href":"https:\/\/api.w.org\/{rel}","templated":true}]}}