{"id":140578,"date":"2024-12-06T16:39:23","date_gmt":"2024-12-07T10:46:38","guid":{"rendered":"https:\/\/kingarms.ee\/product\/dekursts-duncis-zs171bg\/"},"modified":"2025-08-02T15:20:24","modified_gmt":"2025-08-02T12:20:24","slug":"dekorativs-dager-zs171bg","status":"publish","type":"product","link":"https:\/\/kingarms.ee\/lv\/product\/dekorativs-dager-zs171bg\/","title":{"rendered":"Dekursts duncis (ZS171BG)"},"content":{"rendered":"<p>Dekursts duncis (ZS171BG)<\/p>\n<p>Dekursts<br \/>\nIedvesmojoties no Pungolo, Frodo duncis<br \/>\nGredzenu pav\u0113lnieks s\u0113rija<br \/>\nT\u0113rauda asmens<br \/>\nMet\u0101la rokturis, sargs un poga<br \/>\nKoka \u0161\u0137embas \u0101das apdare, kas p\u0101rkl\u0101ta ar met\u0101la apdari<br \/>\nAsmens garums 440mm<br \/>\nKop\u0113jais garums 580 mm (627 mm ar \u0137abi)<br \/>\nSvars 600G (985G ar \u0137abi)<\/p>\n<p>Nav asin\u0101ts un neass asmens, tikai dekorat\u012bviem nol\u016bkiem<\/p>\n","protected":false},"excerpt":{"rendered":"<p>Dekursts duncis (ZS171BG) Dekursts Iedvesmojoties no Pungolo, Frodo duncis Gredzenu pav\u0113lnieks s\u0113rija T\u0113rauda asmens Met\u0101la rokturis, sargs un poga Koka<\/p>\n","protected":false},"featured_media":139290,"template":"","meta":{"_acf_changed":false},"product_brand":[],"product_cat":[1105,1311],"product_tag":[],"class_list":{"0":"post-140578","1":"product","2":"type-product","3":"status-publish","4":"has-post-thumbnail","6":"product_cat-cits","7":"product_cat-zobeni","9":"first","10":"instock","11":"purchasable","12":"product-type-simple"},"acf":[],"_links":{"self":[{"href":"https:\/\/kingarms.ee\/lv\/wp-json\/wp\/v2\/product\/140578","targetHints":{"allow":["GET"]}}],"collection":[{"href":"https:\/\/kingarms.ee\/lv\/wp-json\/wp\/v2\/product"}],"about":[{"href":"https:\/\/kingarms.ee\/lv\/wp-json\/wp\/v2\/types\/product"}],"wp:featuredmedia":[{"embeddable":true,"href":"https:\/\/kingarms.ee\/lv\/wp-json\/wp\/v2\/media\/139290"}],"wp:attachment":[{"href":"https:\/\/kingarms.ee\/lv\/wp-json\/wp\/v2\/media?parent=140578"}],"wp:term":[{"taxonomy":"product_brand","embeddable":true,"href":"https:\/\/kingarms.ee\/lv\/wp-json\/wp\/v2\/product_brand?post=140578"},{"taxonomy":"product_cat","embeddable":true,"href":"https:\/\/kingarms.ee\/lv\/wp-json\/wp\/v2\/product_cat?post=140578"},{"taxonomy":"product_tag","embeddable":true,"href":"https:\/\/kingarms.ee\/lv\/wp-json\/wp\/v2\/product_tag?post=140578"}],"curies":[{"name":"wp","href":"https:\/\/api.w.org\/{rel}","templated":true}]}}