{"id":140590,"date":"2024-12-06T16:39:23","date_gmt":"2024-12-07T10:53:20","guid":{"rendered":"https:\/\/kingarms.ee\/product\/dekorativais-zobens-zs9986\/"},"modified":"2025-08-02T15:22:45","modified_gmt":"2025-08-02T12:22:45","slug":"dekorativais-sword-zs9986","status":"publish","type":"product","link":"https:\/\/kingarms.ee\/lv\/product\/dekorativais-sword-zs9986\/","title":{"rendered":"Dekorat\u012bvais zobens (ZS9986)"},"content":{"rendered":"<p>Dekorat\u012bvais zobens (ZS9986)<\/p>\n<p>Dekorat\u012bvais zobens<br \/>\nIedvesmojoties no Alucard&#8217;s Heirloom Sword<br \/>\nCastlevania s\u0113rija<br \/>\nT\u0113rauda asmens<br \/>\nPlastmasas rokturis<br \/>\nMet\u0101la aizsargs un poga<br \/>\nKoka \u0161\u0137embas ar met\u0101la apdari<br \/>\nAsmens garums 740mm<br \/>\nKop\u0113jais garums 970 mm (1040 mm ar \u0137abi)<br \/>\nSvars 690G (900 g ar \u0137abi)<\/p>\n<p>Nav asin\u0101ts un neass asmens, tikai dekorat\u012bviem nol\u016bkiem<\/p>\n","protected":false},"excerpt":{"rendered":"<p>Dekorat\u012bvais zobens (ZS9986) Dekorat\u012bvais zobens Iedvesmojoties no Alucard&#8217;s Heirloom Sword Castlevania s\u0113rija T\u0113rauda asmens Plastmasas rokturis Met\u0101la aizsargs un poga<\/p>\n","protected":false},"featured_media":140082,"template":"","meta":{"_acf_changed":false},"product_brand":[],"product_cat":[1105,1311],"product_tag":[],"class_list":{"0":"post-140590","1":"product","2":"type-product","3":"status-publish","4":"has-post-thumbnail","6":"product_cat-cits","7":"product_cat-zobeni","9":"first","10":"instock","11":"purchasable","12":"product-type-simple"},"acf":[],"_links":{"self":[{"href":"https:\/\/kingarms.ee\/lv\/wp-json\/wp\/v2\/product\/140590","targetHints":{"allow":["GET"]}}],"collection":[{"href":"https:\/\/kingarms.ee\/lv\/wp-json\/wp\/v2\/product"}],"about":[{"href":"https:\/\/kingarms.ee\/lv\/wp-json\/wp\/v2\/types\/product"}],"wp:featuredmedia":[{"embeddable":true,"href":"https:\/\/kingarms.ee\/lv\/wp-json\/wp\/v2\/media\/140082"}],"wp:attachment":[{"href":"https:\/\/kingarms.ee\/lv\/wp-json\/wp\/v2\/media?parent=140590"}],"wp:term":[{"taxonomy":"product_brand","embeddable":true,"href":"https:\/\/kingarms.ee\/lv\/wp-json\/wp\/v2\/product_brand?post=140590"},{"taxonomy":"product_cat","embeddable":true,"href":"https:\/\/kingarms.ee\/lv\/wp-json\/wp\/v2\/product_cat?post=140590"},{"taxonomy":"product_tag","embeddable":true,"href":"https:\/\/kingarms.ee\/lv\/wp-json\/wp\/v2\/product_tag?post=140590"}],"curies":[{"name":"wp","href":"https:\/\/api.w.org\/{rel}","templated":true}]}}